{"id":27246,"date":"2024-06-04T14:13:49","date_gmt":"2024-06-04T11:13:49","guid":{"rendered":"https:\/\/gerz-construction.com\/?page_id=27246"},"modified":"2024-08-30T12:04:10","modified_gmt":"2024-08-30T09:04:10","slug":"aydut","status":"publish","type":"page","link":"https:\/\/gerz-construction.com\/fr\/aydut\/","title":{"rendered":"Audit de projets et d'installations"},"content":{"rendered":"<div data-elementor-type=\"wp-page\" data-elementor-id=\"27246\" class=\"elementor elementor-27246\" data-elementor-post-type=\"page\">\n\t\t\t\t\t\t<section class=\"elementor-section elementor-top-section elementor-element elementor-element-7cfb76f7 elementor-section-stretched elementor-section-content-middle elementor-section-full_width elementor-section-height-default elementor-section-height-default elementor-invisible\" data-id=\"7cfb76f7\" data-element_type=\"section\" data-settings=\"{&quot;stretch_section&quot;:&quot;section-stretched&quot;,&quot;background_background&quot;:&quot;classic&quot;,&quot;animation&quot;:&quot;zoomInUp&quot;,&quot;_ha_eqh_enable&quot;:false}\">\n\t\t\t\t\t\t\t<div class=\"elementor-background-overlay\"><\/div>\n\t\t\t\t\t\t\t<div class=\"elementor-container elementor-column-gap-wide\">\n\t\t\t\t\t<div class=\"elementor-column elementor-col-50 elementor-top-column elementor-element elementor-element-6fb83485 elementor-invisible\" data-id=\"6fb83485\" data-element_type=\"column\" data-settings=\"{&quot;background_background&quot;:&quot;classic&quot;,&quot;animation&quot;:&quot;slideInUp&quot;}\">\n\t\t\t<div class=\"elementor-widget-wrap elementor-element-populated\">\n\t\t\t\t\t\t<div class=\"elementor-element elementor-element-2bf2317e elementor-widget elementor-widget-image\" data-id=\"2bf2317e\" data-element_type=\"widget\" data-widget_type=\"image.default\">\n\t\t\t\t<div class=\"elementor-widget-container\">\n\t\t\t<style>\/*! elementor - v3.20.0 - 20-03-2024 *\/\n.elementor-widget-image{text-align:center}.elementor-widget-image a{display:inline-block}.elementor-widget-image a img[src$=\".svg\"]{width:48px}.elementor-widget-image img{vertical-align:middle;display:inline-block}<\/style>\t\t\t\t\t\t\t\t\t\t<img fetchpriority=\"high\" decoding=\"async\" width=\"768\" height=\"456\" src=\"https:\/\/gerz-construction.com\/wp-content\/uploads\/2024\/06\/\u0411\u0435\u0437-\u0438\u043c\u0435\u043d\u0438-2-5.jpg\" class=\"attachment-medium size-medium wp-image-27693\" alt=\"\" \/>\t\t\t\t\t\t\t\t\t\t\t\t\t<\/div>\n\t\t\t\t<\/div>\n\t\t\t\t\t<\/div>\n\t\t<\/div>\n\t\t\t\t<div class=\"elementor-column elementor-col-50 elementor-top-column elementor-element elementor-element-7ee3ca43 elementor-invisible\" data-id=\"7ee3ca43\" data-element_type=\"column\" data-settings=\"{&quot;background_background&quot;:&quot;classic&quot;,&quot;animation&quot;:&quot;slideInUp&quot;}\">\n\t\t\t<div class=\"elementor-widget-wrap elementor-element-populated\">\n\t\t\t\t\t\t<div class=\"elementor-element elementor-element-6a7134d1 elementor-widget elementor-widget-text-editor\" data-id=\"6a7134d1\" data-element_type=\"widget\" data-widget_type=\"text-editor.default\">\n\t\t\t\t<div class=\"elementor-widget-container\">\n\t\t\t<style>\/*! elementor - v3.20.0 - 20-03-2024 *\/\n.elementor-widget-text-editor.elementor-drop-cap-view-stacked .elementor-drop-cap{background-color:#69727d;color:#fff}.elementor-widget-text-editor.elementor-drop-cap-view-framed .elementor-drop-cap{color:#69727d;border:3px solid;background-color:transparent}.elementor-widget-text-editor:not(.elementor-drop-cap-view-default) .elementor-drop-cap{margin-top:8px}.elementor-widget-text-editor:not(.elementor-drop-cap-view-default) .elementor-drop-cap-letter{width:1em;height:1em}.elementor-widget-text-editor .elementor-drop-cap{float:left;text-align:center;line-height:1;font-size:50px}.elementor-widget-text-editor .elementor-drop-cap-letter{display:inline-block}<\/style>\t\t\t\t<p><strong>Audit de projets et d'installations<\/strong> \u2013 gestion de la cr\u00e9ation d'un ensemble complet de dossiers relatifs au projet. Nous offrons des audits approfondis de projets et d'installations pour garantir l'efficacit\u00e9 et la qualit\u00e9 maximales de vos constructions. Notre soci\u00e9t\u00e9 examine minutieusement tous les aspects du projet, y compris la documentation technique, la qualit\u00e9 des travaux et la conformit\u00e9 aux normes et r\u00e9glementations. Gr\u00e2ce \u00e0 notre \u00e9quipe d'experts, nous d\u00e9tectons les lacunes et les risques d\u00e8s le d\u00e9but, ce qui permet de pr\u00e9venir d'\u00e9ventuelles pertes futures.<\/p><p>Lors d'un audit, nous analysons la rentabilit\u00e9 financi\u00e8re et les indicateurs budg\u00e9taires d'un projet. Nos experts v\u00e9rifient l'utilisation correcte des ressources, le respect des d\u00e9lais et l'efficacit\u00e9 de la gestion du projet. Cela permet \u00e0 nos clients d'obtenir une vision claire de la situation actuelle et de prendre des d\u00e9cisions \u00e9clair\u00e9es sur les actions \u00e0 entreprendre.<\/p>\t\t\t\t\t\t<\/div>\n\t\t\t\t<\/div>\n\t\t\t\t\t<\/div>\n\t\t<\/div>\n\t\t\t\t\t<\/div>\n\t\t<\/section>\n\t\t\t\t<section class=\"elementor-section elementor-top-section elementor-element elementor-element-2c593723 elementor-section-stretched elementor-section-content-middle elementor-section-full_width elementor-section-height-default elementor-section-height-default elementor-invisible\" data-id=\"2c593723\" data-element_type=\"section\" data-settings=\"{&quot;stretch_section&quot;:&quot;section-stretched&quot;,&quot;background_background&quot;:&quot;classic&quot;,&quot;animation&quot;:&quot;zoomInUp&quot;,&quot;_ha_eqh_enable&quot;:false}\">\n\t\t\t\t\t\t\t<div class=\"elementor-background-overlay\"><\/div>\n\t\t\t\t\t\t\t<div class=\"elementor-container elementor-column-gap-wide\">\n\t\t\t\t\t<div class=\"elementor-column elementor-col-50 elementor-top-column elementor-element elementor-element-533bc8c2 elementor-invisible\" data-id=\"533bc8c2\" data-element_type=\"column\" data-settings=\"{&quot;background_background&quot;:&quot;classic&quot;,&quot;animation&quot;:&quot;slideInUp&quot;}\">\n\t\t\t<div class=\"elementor-widget-wrap elementor-element-populated\">\n\t\t\t\t\t\t<div class=\"elementor-element elementor-element-7240f92e elementor-widget elementor-widget-text-editor\" data-id=\"7240f92e\" data-element_type=\"widget\" data-widget_type=\"text-editor.default\">\n\t\t\t\t<div class=\"elementor-widget-container\">\n\t\t\t\t\t\t\t<p><span data-contrast=\"none\">Notre soci\u00e9t\u00e9 offre les types d'audit suivants:<\/span><\/p><ul><li><span data-contrast=\"none\">Audit technique de construction\u00a0\u00a0<\/span><\/li><li data-leveltext=\"-\" data-font=\"Aptos\" data-listid=\"1\" data-list-defn-props=\"{&quot;335552541&quot;:1,&quot;335559685&quot;:585,&quot;335559991&quot;:360,&quot;469769226&quot;:&quot;Aptos&quot;,&quot;469769242&quot;:[8226],&quot;469777803&quot;:&quot;left&quot;,&quot;469777804&quot;:&quot;-&quot;,&quot;469777815&quot;:&quot;hybridMultilevel&quot;}\" aria-setsize=\"-1\" data-aria-posinset=\"1\" data-aria-level=\"1\"><span data-contrast=\"none\">Audit financier de construction et suivi\u00a0<\/span><\/li><li data-leveltext=\"-\" data-font=\"Aptos\" data-listid=\"1\" data-list-defn-props=\"{&quot;335552541&quot;:1,&quot;335559685&quot;:585,&quot;335559991&quot;:360,&quot;469769226&quot;:&quot;Aptos&quot;,&quot;469769242&quot;:[8226],&quot;469777803&quot;:&quot;left&quot;,&quot;469777804&quot;:&quot;-&quot;,&quot;469777815&quot;:&quot;hybridMultilevel&quot;}\" aria-setsize=\"-1\" data-aria-posinset=\"1\" data-aria-level=\"1\"><span data-contrast=\"none\">Audit du terrain pour la construction\u00a0<\/span><\/li><li data-leveltext=\"-\" data-font=\"Aptos\" data-listid=\"1\" data-list-defn-props=\"{&quot;335552541&quot;:1,&quot;335559685&quot;:585,&quot;335559991&quot;:360,&quot;469769226&quot;:&quot;Aptos&quot;,&quot;469769242&quot;:[8226],&quot;469777803&quot;:&quot;left&quot;,&quot;469777804&quot;:&quot;-&quot;,&quot;469777815&quot;:&quot;hybridMultilevel&quot;}\" aria-setsize=\"-1\" data-aria-posinset=\"1\" data-aria-level=\"1\"><span data-contrast=\"none\">Audit de la documentation d'\u00e9tude et des solutions projet\u00e9es<\/span><span data-contrast=\"none\">\u00a0<\/span><\/li><li data-leveltext=\"-\" data-font=\"Aptos\" data-listid=\"1\" data-list-defn-props=\"{&quot;335552541&quot;:1,&quot;335559685&quot;:585,&quot;335559991&quot;:360,&quot;469769226&quot;:&quot;Aptos&quot;,&quot;469769242&quot;:[8226],&quot;469777803&quot;:&quot;left&quot;,&quot;469777804&quot;:&quot;-&quot;,&quot;469777815&quot;:&quot;hybridMultilevel&quot;}\" aria-setsize=\"-1\" data-aria-posinset=\"1\" data-aria-level=\"1\"><span data-contrast=\"none\">Audit du dossier d\u2019ex\u00e9cution\u00a0<\/span><\/li><li data-leveltext=\"-\" data-font=\"Aptos\" data-listid=\"1\" data-list-defn-props=\"{&quot;335552541&quot;:1,&quot;335559685&quot;:585,&quot;335559991&quot;:360,&quot;469769226&quot;:&quot;Aptos&quot;,&quot;469769242&quot;:[8226],&quot;469777803&quot;:&quot;left&quot;,&quot;469777804&quot;:&quot;-&quot;,&quot;469777815&quot;:&quot;hybridMultilevel&quot;}\" aria-setsize=\"-1\" data-aria-posinset=\"1\" data-aria-level=\"1\"><span data-contrast=\"none\">Audit du co\u00fbt de construction\u00a0<\/span><\/li><li data-leveltext=\"-\" data-font=\"Aptos\" data-listid=\"1\" data-list-defn-props=\"{&quot;335552541&quot;:1,&quot;335559685&quot;:585,&quot;335559991&quot;:360,&quot;469769226&quot;:&quot;Aptos&quot;,&quot;469769242&quot;:[8226],&quot;469777803&quot;:&quot;left&quot;,&quot;469777804&quot;:&quot;-&quot;,&quot;469777815&quot;:&quot;hybridMultilevel&quot;}\" aria-setsize=\"-1\" data-aria-posinset=\"1\" data-aria-level=\"1\"><span data-contrast=\"none\">Audit technologique et de prix<\/span><span data-contrast=\"none\">\u00a0<\/span><\/li><\/ul><p><span data-contrast=\"none\">Cette approche permet non seulement d'am\u00e9liorer la qualit\u00e9 de la construction, mais aussi d'optimiser les co\u00fbts.<\/span><span data-ccp-props=\"{&quot;134233117&quot;:false,&quot;134233118&quot;:false,&quot;201341983&quot;:0,&quot;335557856&quot;:16777215,&quot;335559685&quot;:585,&quot;335559737&quot;:0,&quot;335559738&quot;:0,&quot;335559739&quot;:0,&quot;335559740&quot;:420}\">\u00a0<\/span><\/p>\t\t\t\t\t\t<\/div>\n\t\t\t\t<\/div>\n\t\t\t\t\t<\/div>\n\t\t<\/div>\n\t\t\t\t<div class=\"elementor-column elementor-col-50 elementor-top-column elementor-element elementor-element-2b2422e9 elementor-invisible\" data-id=\"2b2422e9\" data-element_type=\"column\" data-settings=\"{&quot;background_background&quot;:&quot;classic&quot;,&quot;animation&quot;:&quot;slideInUp&quot;}\">\n\t\t\t<div class=\"elementor-widget-wrap elementor-element-populated\">\n\t\t\t\t\t\t<div class=\"elementor-element elementor-element-129b07cc elementor-widget elementor-widget-image\" data-id=\"129b07cc\" data-element_type=\"widget\" data-widget_type=\"image.default\">\n\t\t\t\t<div class=\"elementor-widget-container\">\n\t\t\t\t\t\t\t\t\t\t\t\t\t<img decoding=\"async\" width=\"768\" height=\"456\" src=\"https:\/\/gerz-construction.com\/wp-content\/uploads\/2024\/06\/\u0411\u0435\u0437-\u0438\u043c\u0435\u043d\u0438-3-5.jpg\" class=\"attachment-medium size-medium wp-image-27694\" alt=\"\" \/>\t\t\t\t\t\t\t\t\t\t\t\t\t<\/div>\n\t\t\t\t<\/div>\n\t\t\t\t\t<\/div>\n\t\t<\/div>\n\t\t\t\t\t<\/div>\n\t\t<\/section>\n\t\t\t\t<section class=\"elementor-section elementor-top-section elementor-element elementor-element-4b412a1f elementor-section-stretched elementor-section-content-middle elementor-section-full_width elementor-hidden-desktop elementor-hidden-tablet elementor-hidden-mobile elementor-section-height-default elementor-section-height-default elementor-invisible\" data-id=\"4b412a1f\" data-element_type=\"section\" data-settings=\"{&quot;stretch_section&quot;:&quot;section-stretched&quot;,&quot;background_background&quot;:&quot;classic&quot;,&quot;animation&quot;:&quot;zoomInUp&quot;,&quot;_ha_eqh_enable&quot;:false}\">\n\t\t\t\t\t\t\t<div class=\"elementor-background-overlay\"><\/div>\n\t\t\t\t\t\t\t<div class=\"elementor-container elementor-column-gap-wide\">\n\t\t\t\t\t<div class=\"elementor-column elementor-col-100 elementor-top-column elementor-element elementor-element-7488417f elementor-invisible\" data-id=\"7488417f\" data-element_type=\"column\" data-settings=\"{&quot;background_background&quot;:&quot;classic&quot;,&quot;animation&quot;:&quot;slideInUp&quot;}\">\n\t\t\t<div class=\"elementor-widget-wrap elementor-element-populated\">\n\t\t\t\t\t\t<div class=\"elementor-element elementor-element-33766a4c elementor-widget elementor-widget-text-editor\" data-id=\"33766a4c\" data-element_type=\"widget\" data-widget_type=\"text-editor.default\">\n\t\t\t\t<div class=\"elementor-widget-container\">\n\t\t\t\t\t\t\t<p><strong>Gerz Construction Ukraine<\/strong> \u2013 \u0446\u0435 \u0443\u043a\u0440\u0430\u0457\u043d\u0441\u044c\u043a\u0430 \u0447\u0430\u0441\u0442\u0438\u043d\u0430 \u0431\u0456\u0437\u043d\u0435\u0441\u0443 <a href=\"#\">GERZ HOLDING<\/a>, \u0432\u0435\u0440\u0442\u0438\u043a\u0430\u043b\u044c\u043d\u043e-\u0456\u043d\u0442\u0435\u0433\u0440\u043e\u0432\u0430\u043d\u043e\u0457 \u0433\u0440\u0443\u043f\u0438 \u043a\u043e\u043c\u043f\u0430\u043d\u0456\u0439 \u0437 \u0430\u043a\u0442\u0438\u0432\u0430\u043c\u0438 \u0443 \u0431\u0443\u0434\u0456\u0432\u043d\u0438\u0446\u0442\u0432\u0456, \u0434\u0435\u0432\u0435\u043b\u043e\u043f\u043c\u0435\u043d\u0442\u0456 \u0442\u0430 \u0444\u0456\u043d\u0430\u043d\u0441\u0430\u0445 \u0432 \u0423\u043a\u0440\u0430\u0457\u043d\u0456 \u0442\u0430 <a href=\"#\">\u041f\u043e\u043b\u044c\u0449\u0456<\/a>. \u041f\u0440\u043e\u0442\u044f\u0433\u043e\u043c \u0442\u0440\u0438\u0434\u0446\u044f\u0442\u0438 \u0440\u043e\u043a\u0456\u0432 \u043c\u0438 \u0441\u0442\u0432\u043e\u0440\u044e\u0454\u043c\u043e \u0456\u0441\u0442\u043e\u0440\u0456\u044e, \u0449\u043e \u0432\u0442\u0456\u043b\u0435\u043d\u0430 \u0443 \u0431\u0443\u0434\u0456\u0432\u043d\u0438\u0446\u0442\u0432\u0456 \u043f\u0440\u043e\u043c\u0438\u0441\u043b\u043e\u0432\u043e\u0457, \u043a\u043e\u043c\u0435\u0440\u0446\u0456\u0439\u043d\u043e\u0457 \u0442\u0430 \u0436\u0438\u0442\u043b\u043e\u0432\u043e\u0457 \u043d\u0435\u0440\u0443\u0445\u043e\u043c\u043e\u0441\u0442\u0456.<\/p><p>\u041f\u043e\u0454\u0434\u043d\u0430\u043d\u043d\u044f \u0432\u043b\u0430\u0441\u043d\u043e\u0433\u043e \u0434\u043e\u0441\u0432\u0456\u0434\u0443, \u043f\u0435\u0440\u0435\u0434\u043e\u0432\u0438\u0445 \u0442\u0435\u0445\u043d\u043e\u043b\u043e\u0433\u0456\u0439 \u0442\u0430 \u0441\u0443\u0447\u0430\u0441\u043d\u0438\u0445 \u0441\u0442\u0430\u043d\u0434\u0430\u0440\u0442\u0456\u0432, \u0434\u043e\u0437\u0432\u043e\u043b\u044f\u044e\u0442\u044c \u043d\u0430\u043c \u043d\u0430\u0434\u0430\u0432\u0430\u0442\u0438 \u043f\u043e\u0432\u043d\u0438\u0439 \u043a\u043e\u043c\u043f\u043b\u0435\u043a\u0441 \u0432\u0438\u0441\u043e\u043a\u043e\u044f\u043a\u0456\u0441\u043d\u0438\u0445 \u043f\u043e\u0441\u043b\u0443\u0433 \u0443 \u0441\u0444\u0435\u0440\u0456 \u043f\u0440\u043e\u0435\u043a\u0442\u0443\u0432\u0430\u043d\u043d\u044f \u0442\u0430 \u0431\u0443\u0434\u0456\u0432\u043d\u0438\u0446\u0442\u0432\u0430 \u0434\u043b\u044f \u043a\u043b\u0456\u0454\u043d\u0442\u0456\u0432, \u043a\u043e\u0436\u0435\u043d \u0437 \u044f\u043a\u0438\u0445 \u0454 \u043d\u0430\u0448\u0438\u043c \u043f\u0430\u0440\u0442\u043d\u0435\u0440\u043e\u043c.<\/p>\t\t\t\t\t\t<\/div>\n\t\t\t\t<\/div>\n\t\t\t\t\t<\/div>\n\t\t<\/div>\n\t\t\t\t\t<\/div>\n\t\t<\/section>\n\t\t\t\t<section class=\"elementor-section elementor-top-section elementor-element elementor-element-5a0ec8f3 elementor-section-stretched elementor-section-content-middle cus-float-img elementor-section-boxed elementor-section-height-default elementor-section-height-default\" data-id=\"5a0ec8f3\" data-element_type=\"section\" data-settings=\"{&quot;stretch_section&quot;:&quot;section-stretched&quot;,&quot;background_background&quot;:&quot;classic&quot;,&quot;_ha_eqh_enable&quot;:false}\">\n\t\t\t\t\t\t\t<div class=\"elementor-background-overlay\"><\/div>\n\t\t\t\t\t\t\t<div class=\"elementor-container elementor-column-gap-wide\">\n\t\t\t\t\t<div class=\"elementor-column elementor-col-33 elementor-top-column elementor-element elementor-element-7b549fc1\" data-id=\"7b549fc1\" data-element_type=\"column\">\n\t\t\t<div class=\"elementor-widget-wrap elementor-element-populated\">\n\t\t\t\t\t\t<section class=\"elementor-section elementor-inner-section elementor-element elementor-element-3f7ef513 elementor-section-content-middle elementor-section-boxed elementor-section-height-default elementor-section-height-default\" data-id=\"3f7ef513\" data-element_type=\"section\" data-settings=\"{&quot;_ha_eqh_enable&quot;:false}\">\n\t\t\t\t\t\t<div class=\"elementor-container elementor-column-gap-default\">\n\t\t\t\t\t<div class=\"elementor-column elementor-col-100 elementor-inner-column elementor-element elementor-element-3a543e0a\" data-id=\"3a543e0a\" data-element_type=\"column\">\n\t\t\t<div class=\"elementor-widget-wrap elementor-element-populated\">\n\t\t\t\t\t\t<div class=\"elementor-element elementor-element-1e8bdd25 cea-view-default elementor-invisible elementor-widget elementor-widget-ceafeaturebox\" data-id=\"1e8bdd25\" data-element_type=\"widget\" data-settings=\"{&quot;_animation&quot;:&quot;fadeInUp&quot;}\" data-widget_type=\"ceafeaturebox.default\">\n\t\t\t\t<div class=\"elementor-widget-container feature-box-wrapper feature-box-default\">\r\n\t\t\t<div class=\"media\"><div class=\"media-icon-part align-self-center\"><div class=\"cea-featured-icon\"><i aria-hidden=\"true\" class=\"ti ti-location-pin\"><\/i><\/div><\/div><div class=\"media-body align-self-center\"><div class=\"fbox-content\">vul. Mashynobudivnykiv, bud 5, m. Vyshneve, Kyivska Oblast, 08132, Ukraine<\/div><\/div><!-- .media-body --><\/div><!-- .media -->\t\t<\/div>\r\n\t\t\t\t<\/div>\n\t\t\t\t\t<\/div>\n\t\t<\/div>\n\t\t\t\t\t<\/div>\n\t\t<\/section>\n\t\t\t\t\t<\/div>\n\t\t<\/div>\n\t\t\t\t<div class=\"elementor-column elementor-col-33 elementor-top-column elementor-element elementor-element-787ab30a elementor-invisible\" data-id=\"787ab30a\" data-element_type=\"column\" data-settings=\"{&quot;animation&quot;:&quot;fadeInUp&quot;}\">\n\t\t\t<div class=\"elementor-widget-wrap elementor-element-populated\">\n\t\t\t\t\t\t<div class=\"elementor-element elementor-element-1d7036eb cea-view-default elementor-invisible elementor-widget elementor-widget-ceafeaturebox\" data-id=\"1d7036eb\" data-element_type=\"widget\" data-settings=\"{&quot;_animation&quot;:&quot;fadeInUp&quot;}\" data-widget_type=\"ceafeaturebox.default\">\n\t\t\t\t<div class=\"elementor-widget-container feature-box-wrapper feature-box-default\">\r\n\t\t\t<div class=\"media\"><div class=\"media-icon-part align-self-center\"><div class=\"cea-featured-icon cea-elementor-animation\"><i aria-hidden=\"true\" class=\"ti ti-headphone-alt\"><\/i><\/div><\/div><div class=\"media-body align-self-center\"><div class=\"fbox-content\"><a href=\"tel: 380445380360\">+38(044) 538-03-60<\/a>\n\n<\/div><\/div><!-- .media-body --><\/div><!-- .media -->\t\t<\/div>\r\n\t\t\t\t<\/div>\n\t\t\t\t\t<\/div>\n\t\t<\/div>\n\t\t\t\t<div class=\"elementor-column elementor-col-33 elementor-top-column elementor-element elementor-element-23f404bd elementor-invisible\" data-id=\"23f404bd\" data-element_type=\"column\" data-settings=\"{&quot;animation&quot;:&quot;fadeInUp&quot;}\">\n\t\t\t<div class=\"elementor-widget-wrap elementor-element-populated\">\n\t\t\t\t\t\t<div class=\"elementor-element elementor-element-555a3723 cea-view-default elementor-invisible elementor-widget elementor-widget-ceafeaturebox\" data-id=\"555a3723\" data-element_type=\"widget\" data-settings=\"{&quot;_animation&quot;:&quot;fadeInUp&quot;}\" data-widget_type=\"ceafeaturebox.default\">\n\t\t\t\t<div class=\"elementor-widget-container feature-box-wrapper feature-box-default\">\r\n\t\t\t<div class=\"media\"><div class=\"media-icon-part align-self-center\"><div class=\"cea-featured-icon\"><i aria-hidden=\"true\" class=\"ti ti-email\"><\/i><\/div><\/div><div class=\"media-body align-self-center\"><div class=\"fbox-content\"><a href=\"mailto:office@gerz-construction.com\">office@gerz-construction.com <\/a>\n<\/div><\/div><!-- .media-body --><\/div><!-- .media -->\t\t<\/div>\r\n\t\t\t\t<\/div>\n\t\t\t\t\t<\/div>\n\t\t<\/div>\n\t\t\t\t\t<\/div>\n\t\t<\/section>\n\t\t\t\t<\/div>","protected":false},"excerpt":{"rendered":"<p>\u0410\u0443\u0434\u0438\u0442 \u043f\u0440\u043e\u0454\u043a\u0442\u0456\u0432 \u0442\u0430 \u043e\u0431&#8217;\u0454\u043a\u0442\u0456\u0432 \u2014 \u0446\u0435 \u043e\u0434\u043d\u0430 \u0437 \u043a\u043b\u044e\u0447\u043e\u0432\u0438\u0445 \u043f\u043e\u0441\u043b\u0443\u0433, \u044f\u043a\u0443 \u043c\u0438 \u043f\u0440\u043e\u043f\u043e\u043d\u0443\u0454\u043c\u043e \u043d\u0430\u0448\u0438\u043c \u043a\u043b\u0456\u0454\u043d\u0442\u0430\u043c \u0434\u043b\u044f \u0437\u0430\u0431\u0435\u0437\u043f\u0435\u0447\u0435\u043d\u043d\u044f \u043c\u0430\u043a\u0441\u0438\u043c\u0430\u043b\u044c\u043d\u043e\u0457 \u0435\u0444\u0435\u043a\u0442\u0438\u0432\u043d\u043e\u0441\u0442\u0456 \u0442\u0430 \u044f\u043a\u043e\u0441\u0442\u0456 \u0457\u0445 \u0431\u0443\u0434\u0456\u0432\u0435\u043b\u044c\u043d\u0438\u0445 \u043f\u0440\u043e\u0435\u043a\u0442\u0456\u0432. \u041d\u0430\u0448\u0430 \u043a\u043e\u043c\u043f\u0430\u043d\u0456\u044f \u043f\u0440\u043e\u0432\u043e\u0434\u0438\u0442\u044c \u043a\u043e\u043c\u043f\u043b\u0435\u043a\u0441\u043d\u0443 \u043f\u0435\u0440\u0435\u0432\u0456\u0440\u043a\u0443 \u0432\u0441\u0456\u0445 \u0430\u0441\u043f\u0435\u043a\u0442\u0456\u0432 \u0440\u0435\u0430\u043b\u0456\u0437\u0430\u0446\u0456\u0457 \u043f\u0440\u043e\u0435\u043a\u0442\u0443, \u0432\u043a\u043b\u044e\u0447\u0430\u044e\u0447\u0438 \u0442\u0435\u0445\u043d\u0456\u0447\u043d\u0443 \u0434\u043e\u043a\u0443\u043c\u0435\u043d\u0442\u0430\u0446\u0456\u044e, \u044f\u043a\u0456\u0441\u0442\u044c \u0432\u0438\u043a\u043e\u043d\u0430\u043d\u0438\u0445 \u0440\u043e\u0431\u0456\u0442 \u0442\u0430 \u0432\u0456\u0434\u043f\u043e\u0432\u0456\u0434\u043d\u0456\u0441\u0442\u044c \u0441\u0442\u0430\u043d\u0434\u0430\u0440\u0442\u0430\u043c \u0456 \u043d\u043e\u0440\u043c\u0430\u0442\u0438\u0432\u0430\u043c. \u0417\u0430\u0432\u0434\u044f\u043a\u0438 \u0432\u0438\u0441\u043e\u043a\u043e\u043a\u0432\u0430\u043b\u0456\u0444\u0456\u043a\u043e\u0432\u0430\u043d\u0438\u043c \u0444\u0430\u0445\u0456\u0432\u0446\u044f\u043c, \u043c\u0438 \u0432\u0438\u044f\u0432\u043b\u044f\u0454\u043c\u043e \u043c\u043e\u0436\u043b\u0438\u0432\u0456 \u043d\u0435\u0434\u043e\u043b\u0456\u043a\u0438 \u0442\u0430 \u0440\u0438\u0437\u0438\u043a\u0438 \u043d\u0430 \u0440\u0430\u043d\u043d\u0456\u0445<\/p>","protected":false},"author":1,"featured_media":0,"parent":0,"menu_order":0,"comment_status":"closed","ping_status":"closed","template":"","meta":{"footnotes":""},"_links":{"self":[{"href":"https:\/\/gerz-construction.com\/fr\/wp-json\/wp\/v2\/pages\/27246"}],"collection":[{"href":"https:\/\/gerz-construction.com\/fr\/wp-json\/wp\/v2\/pages"}],"about":[{"href":"https:\/\/gerz-construction.com\/fr\/wp-json\/wp\/v2\/types\/page"}],"author":[{"embeddable":true,"href":"https:\/\/gerz-construction.com\/fr\/wp-json\/wp\/v2\/users\/1"}],"replies":[{"embeddable":true,"href":"https:\/\/gerz-construction.com\/fr\/wp-json\/wp\/v2\/comments?post=27246"}],"version-history":[{"count":31,"href":"https:\/\/gerz-construction.com\/fr\/wp-json\/wp\/v2\/pages\/27246\/revisions"}],"predecessor-version":[{"id":29253,"href":"https:\/\/gerz-construction.com\/fr\/wp-json\/wp\/v2\/pages\/27246\/revisions\/29253"}],"wp:attachment":[{"href":"https:\/\/gerz-construction.com\/fr\/wp-json\/wp\/v2\/media?parent=27246"}],"curies":[{"name":"wp","href":"https:\/\/api.w.org\/{rel}","templated":true}]}}