{"id":27238,"date":"2024-06-04T14:07:01","date_gmt":"2024-06-04T11:07:01","guid":{"rendered":"https:\/\/gerz-construction.com\/?page_id=27238"},"modified":"2024-12-11T14:00:28","modified_gmt":"2024-12-11T12:00:28","slug":"generaline-proektyvannia","status":"publish","type":"page","link":"https:\/\/gerz-construction.com\/fr\/generaline-proektyvannia\/","title":{"rendered":"Architecture g\u00e9n\u00e9rale"},"content":{"rendered":"<div data-elementor-type=\"wp-page\" data-elementor-id=\"27238\" class=\"elementor elementor-27238\" data-elementor-post-type=\"page\">\n\t\t\t\t\t\t<section class=\"elementor-section elementor-top-section elementor-element elementor-element-72491ae9 elementor-section-stretched elementor-section-content-middle elementor-section-full_width elementor-section-height-default elementor-section-height-default elementor-invisible\" data-id=\"72491ae9\" data-element_type=\"section\" data-settings=\"{&quot;stretch_section&quot;:&quot;section-stretched&quot;,&quot;background_background&quot;:&quot;classic&quot;,&quot;animation&quot;:&quot;zoomInUp&quot;,&quot;_ha_eqh_enable&quot;:false}\">\n\t\t\t\t\t\t\t<div class=\"elementor-background-overlay\"><\/div>\n\t\t\t\t\t\t\t<div class=\"elementor-container elementor-column-gap-wide\">\n\t\t\t\t\t<div class=\"elementor-column elementor-col-50 elementor-top-column elementor-element elementor-element-b5c8ac9 elementor-invisible\" data-id=\"b5c8ac9\" data-element_type=\"column\" data-settings=\"{&quot;background_background&quot;:&quot;classic&quot;,&quot;animation&quot;:&quot;slideInUp&quot;}\">\n\t\t\t<div class=\"elementor-widget-wrap elementor-element-populated\">\n\t\t\t\t\t\t<div class=\"elementor-element elementor-element-7e8129a6 elementor-widget elementor-widget-image\" data-id=\"7e8129a6\" data-element_type=\"widget\" data-widget_type=\"image.default\">\n\t\t\t\t<div class=\"elementor-widget-container\">\n\t\t\t<style>\/*! elementor - v3.20.0 - 20-03-2024 *\/\n.elementor-widget-image{text-align:center}.elementor-widget-image a{display:inline-block}.elementor-widget-image a img[src$=\".svg\"]{width:48px}.elementor-widget-image img{vertical-align:middle;display:inline-block}<\/style>\t\t\t\t\t\t\t\t\t\t<img fetchpriority=\"high\" decoding=\"async\" width=\"768\" height=\"456\" src=\"https:\/\/gerz-construction.com\/wp-content\/uploads\/2024\/06\/\u0411\u0435\u0437-\u0438\u043c\u0435\u043d\u0438-1-5.jpg\" class=\"attachment-medium size-medium wp-image-27686\" alt=\"\" \/>\t\t\t\t\t\t\t\t\t\t\t\t\t<\/div>\n\t\t\t\t<\/div>\n\t\t\t\t\t<\/div>\n\t\t<\/div>\n\t\t\t\t<div class=\"elementor-column elementor-col-50 elementor-top-column elementor-element elementor-element-19bb26ed elementor-invisible\" data-id=\"19bb26ed\" data-element_type=\"column\" data-settings=\"{&quot;background_background&quot;:&quot;classic&quot;,&quot;animation&quot;:&quot;slideInUp&quot;}\">\n\t\t\t<div class=\"elementor-widget-wrap elementor-element-populated\">\n\t\t\t\t\t\t<div class=\"elementor-element elementor-element-61459833 elementor-widget elementor-widget-text-editor\" data-id=\"61459833\" data-element_type=\"widget\" data-widget_type=\"text-editor.default\">\n\t\t\t\t<div class=\"elementor-widget-container\">\n\t\t\t<style>\/*! elementor - v3.20.0 - 20-03-2024 *\/\n.elementor-widget-text-editor.elementor-drop-cap-view-stacked .elementor-drop-cap{background-color:#69727d;color:#fff}.elementor-widget-text-editor.elementor-drop-cap-view-framed .elementor-drop-cap{color:#69727d;border:3px solid;background-color:transparent}.elementor-widget-text-editor:not(.elementor-drop-cap-view-default) .elementor-drop-cap{margin-top:8px}.elementor-widget-text-editor:not(.elementor-drop-cap-view-default) .elementor-drop-cap-letter{width:1em;height:1em}.elementor-widget-text-editor .elementor-drop-cap{float:left;text-align:center;line-height:1;font-size:50px}.elementor-widget-text-editor .elementor-drop-cap-letter{display:inline-block}<\/style>\t\t\t\t<p>Nous sommes sp\u00e9cialis\u00e9s dans l\u2019\u00e9laboration d\u2019un ensemble complet de documentation de projet \u00e0 toutes les \u00e9tapes, de la conception aux plans d\u2019ex\u00e9cution. Notre approche int\u00e8gre les technologies BIM, garantissant une parfaite int\u00e9gration, une pr\u00e9cision optimale et une haute qualit\u00e9 de r\u00e9alisation des projets dans les domaines de l\u2019immobilier commercial, r\u00e9sidentiel et industriel.<\/p><p>Nous travaillons en d\u00e9tail \u00e0 chaque \u00e9tape de la conception, en commen\u00e7ant par l\u2019analyse de la documentation existante et l\u2019\u00e9laboration de solutions conceptuelles, jusqu\u2019\u00e0 la cr\u00e9ation de plans d\u2019affaires complets et d\u2019\u00e9tudes de faisabilit\u00e9 technico-\u00e9conomiques. Toutes les phases, du projet conceptuel aux plans d\u2019ex\u00e9cution, font l\u2019objet d\u2019un contr\u00f4le rigoureux et d\u2019ajustements de notre part, tout en \u00e9tant accompagn\u00e9es d\u2019une supervision architecturale afin de garantir une qualit\u00e9 optimale et une parfaite conformit\u00e9 aux exigences lors de la r\u00e9alisation des travaux.<\/p>\t\t\t\t\t\t<\/div>\n\t\t\t\t<\/div>\n\t\t\t\t\t<\/div>\n\t\t<\/div>\n\t\t\t\t\t<\/div>\n\t\t<\/section>\n\t\t\t\t<section class=\"elementor-section elementor-top-section elementor-element elementor-element-5253cc41 elementor-section-stretched elementor-section-content-middle elementor-section-full_width elementor-section-height-default elementor-section-height-default elementor-invisible\" data-id=\"5253cc41\" data-element_type=\"section\" data-settings=\"{&quot;stretch_section&quot;:&quot;section-stretched&quot;,&quot;background_background&quot;:&quot;classic&quot;,&quot;animation&quot;:&quot;zoomInUp&quot;,&quot;_ha_eqh_enable&quot;:false}\">\n\t\t\t\t\t\t\t<div class=\"elementor-background-overlay\"><\/div>\n\t\t\t\t\t\t\t<div class=\"elementor-container elementor-column-gap-wide\">\n\t\t\t\t\t<div class=\"elementor-column elementor-col-50 elementor-top-column elementor-element elementor-element-55c62120 elementor-invisible\" data-id=\"55c62120\" data-element_type=\"column\" data-settings=\"{&quot;background_background&quot;:&quot;classic&quot;,&quot;animation&quot;:&quot;slideInUp&quot;}\">\n\t\t\t<div class=\"elementor-widget-wrap elementor-element-populated\">\n\t\t\t\t\t\t<div class=\"elementor-element elementor-element-14b8d7b2 elementor-widget elementor-widget-text-editor\" data-id=\"14b8d7b2\" data-element_type=\"widget\" data-widget_type=\"text-editor.default\">\n\t\t\t\t<div class=\"elementor-widget-container\">\n\t\t\t\t\t\t\t<p>Gr\u00e2ce \u00e0 notre expertise approfondie et \u00e0 notre \u00e9quipe internationale, nous adaptons nos solutions aux standards et exigences de chaque r\u00e9gion, en garantissant leur conformit\u00e9 aux r\u00e9glementations et l\u00e9gislations locales.<\/p><p>Les approches innovantes, telles que l'utilisation du BIM, nous permettent d'optimiser les processus, de r\u00e9duire les risques et de concevoir des projets qui non seulement respectent les normes, mais d\u00e9passent \u00e9galement les attentes des clients.<\/p>\t\t\t\t\t\t<\/div>\n\t\t\t\t<\/div>\n\t\t\t\t<div class=\"elementor-element elementor-element-d882ecf elementor-align-center elementor-widget elementor-widget-button\" data-id=\"d882ecf\" data-element_type=\"widget\" data-widget_type=\"button.default\">\n\t\t\t\t<div class=\"elementor-widget-container\">\n\t\t\t\t\t<div class=\"elementor-button-wrapper\">\n\t\t\t<a class=\"elementor-button elementor-button-link elementor-size-sm\" href=\"http:\/\/www.gerz-aec.com\">\n\t\t\t\t\t\t<span class=\"elementor-button-content-wrapper\">\n\t\t\t\t\t\t<span class=\"elementor-button-text\">EN SAVOIR PLUS<\/span>\n\t\t<\/span>\n\t\t\t\t\t<\/a>\n\t\t<\/div>\n\t\t\t\t<\/div>\n\t\t\t\t<\/div>\n\t\t\t\t\t<\/div>\n\t\t<\/div>\n\t\t\t\t<div class=\"elementor-column elementor-col-50 elementor-top-column elementor-element elementor-element-53e0930a elementor-invisible\" data-id=\"53e0930a\" data-element_type=\"column\" data-settings=\"{&quot;background_background&quot;:&quot;classic&quot;,&quot;animation&quot;:&quot;slideInUp&quot;}\">\n\t\t\t<div class=\"elementor-widget-wrap elementor-element-populated\">\n\t\t\t\t\t\t<div class=\"elementor-element elementor-element-3bbd63b elementor-widget elementor-widget-image\" data-id=\"3bbd63b\" data-element_type=\"widget\" data-widget_type=\"image.default\">\n\t\t\t\t<div class=\"elementor-widget-container\">\n\t\t\t\t\t\t\t\t\t\t\t\t\t<img decoding=\"async\" width=\"768\" height=\"456\" src=\"https:\/\/gerz-construction.com\/wp-content\/uploads\/2024\/06\/\u0411\u0435\u0437-\u0438\u043c\u0435\u043d\u0438-1-4-768x456.jpg\" class=\"attachment-medium size-medium wp-image-27637\" alt=\"\" srcset=\"https:\/\/gerz-construction.com\/wp-content\/uploads\/2024\/06\/\u0411\u0435\u0437-\u0438\u043c\u0435\u043d\u0438-1-4-768x456.jpg 768w, https:\/\/gerz-construction.com\/wp-content\/uploads\/2024\/06\/\u0411\u0435\u0437-\u0438\u043c\u0435\u043d\u0438-1-4-1170x694.jpg 1170w\" sizes=\"(max-width: 768px) 100vw, 768px\" \/>\t\t\t\t\t\t\t\t\t\t\t\t\t<\/div>\n\t\t\t\t<\/div>\n\t\t\t\t\t<\/div>\n\t\t<\/div>\n\t\t\t\t\t<\/div>\n\t\t<\/section>\n\t\t\t\t<section class=\"elementor-section elementor-top-section elementor-element elementor-element-20e75730 elementor-section-stretched elementor-section-content-middle elementor-section-full_width elementor-hidden-desktop elementor-hidden-tablet elementor-hidden-mobile elementor-section-height-default elementor-section-height-default elementor-invisible\" data-id=\"20e75730\" data-element_type=\"section\" data-settings=\"{&quot;stretch_section&quot;:&quot;section-stretched&quot;,&quot;background_background&quot;:&quot;classic&quot;,&quot;animation&quot;:&quot;zoomInUp&quot;,&quot;_ha_eqh_enable&quot;:false}\">\n\t\t\t\t\t\t\t<div class=\"elementor-background-overlay\"><\/div>\n\t\t\t\t\t\t\t<div class=\"elementor-container elementor-column-gap-wide\">\n\t\t\t\t\t<div class=\"elementor-column elementor-col-100 elementor-top-column elementor-element elementor-element-3c9d72b9 elementor-invisible\" data-id=\"3c9d72b9\" data-element_type=\"column\" data-settings=\"{&quot;background_background&quot;:&quot;classic&quot;,&quot;animation&quot;:&quot;slideInUp&quot;}\">\n\t\t\t<div class=\"elementor-widget-wrap elementor-element-populated\">\n\t\t\t\t\t\t<div class=\"elementor-element elementor-element-5f771a00 elementor-widget elementor-widget-text-editor\" data-id=\"5f771a00\" data-element_type=\"widget\" data-widget_type=\"text-editor.default\">\n\t\t\t\t<div class=\"elementor-widget-container\">\n\t\t\t\t\t\t\t<p><strong>Gerz Construction Ukraine<\/strong> \u2013 \u0446\u0435 \u0443\u043a\u0440\u0430\u0457\u043d\u0441\u044c\u043a\u0430 \u0447\u0430\u0441\u0442\u0438\u043d\u0430 \u0431\u0456\u0437\u043d\u0435\u0441\u0443 <a href=\"#\">GERZ HOLDING<\/a>, \u0432\u0435\u0440\u0442\u0438\u043a\u0430\u043b\u044c\u043d\u043e-\u0456\u043d\u0442\u0435\u0433\u0440\u043e\u0432\u0430\u043d\u043e\u0457 \u0433\u0440\u0443\u043f\u0438 \u043a\u043e\u043c\u043f\u0430\u043d\u0456\u0439 \u0437 \u0430\u043a\u0442\u0438\u0432\u0430\u043c\u0438 \u0443 \u0431\u0443\u0434\u0456\u0432\u043d\u0438\u0446\u0442\u0432\u0456, \u0434\u0435\u0432\u0435\u043b\u043e\u043f\u043c\u0435\u043d\u0442\u0456 \u0442\u0430 \u0444\u0456\u043d\u0430\u043d\u0441\u0430\u0445 \u0432 \u0423\u043a\u0440\u0430\u0457\u043d\u0456 \u0442\u0430 <a href=\"#\">\u041f\u043e\u043b\u044c\u0449\u0456<\/a>. \u041f\u0440\u043e\u0442\u044f\u0433\u043e\u043c \u0442\u0440\u0438\u0434\u0446\u044f\u0442\u0438 \u0440\u043e\u043a\u0456\u0432 \u043c\u0438 \u0441\u0442\u0432\u043e\u0440\u044e\u0454\u043c\u043e \u0456\u0441\u0442\u043e\u0440\u0456\u044e, \u0449\u043e \u0432\u0442\u0456\u043b\u0435\u043d\u0430 \u0443 \u0431\u0443\u0434\u0456\u0432\u043d\u0438\u0446\u0442\u0432\u0456 \u043f\u0440\u043e\u043c\u0438\u0441\u043b\u043e\u0432\u043e\u0457, \u043a\u043e\u043c\u0435\u0440\u0446\u0456\u0439\u043d\u043e\u0457 \u0442\u0430 \u0436\u0438\u0442\u043b\u043e\u0432\u043e\u0457 \u043d\u0435\u0440\u0443\u0445\u043e\u043c\u043e\u0441\u0442\u0456.<\/p><p>\u041f\u043e\u0454\u0434\u043d\u0430\u043d\u043d\u044f \u0432\u043b\u0430\u0441\u043d\u043e\u0433\u043e \u0434\u043e\u0441\u0432\u0456\u0434\u0443, \u043f\u0435\u0440\u0435\u0434\u043e\u0432\u0438\u0445 \u0442\u0435\u0445\u043d\u043e\u043b\u043e\u0433\u0456\u0439 \u0442\u0430 \u0441\u0443\u0447\u0430\u0441\u043d\u0438\u0445 \u0441\u0442\u0430\u043d\u0434\u0430\u0440\u0442\u0456\u0432, \u0434\u043e\u0437\u0432\u043e\u043b\u044f\u044e\u0442\u044c \u043d\u0430\u043c \u043d\u0430\u0434\u0430\u0432\u0430\u0442\u0438 \u043f\u043e\u0432\u043d\u0438\u0439 \u043a\u043e\u043c\u043f\u043b\u0435\u043a\u0441 \u0432\u0438\u0441\u043e\u043a\u043e\u044f\u043a\u0456\u0441\u043d\u0438\u0445 \u043f\u043e\u0441\u043b\u0443\u0433 \u0443 \u0441\u0444\u0435\u0440\u0456 \u043f\u0440\u043e\u0435\u043a\u0442\u0443\u0432\u0430\u043d\u043d\u044f \u0442\u0430 \u0431\u0443\u0434\u0456\u0432\u043d\u0438\u0446\u0442\u0432\u0430 \u0434\u043b\u044f \u043a\u043b\u0456\u0454\u043d\u0442\u0456\u0432, \u043a\u043e\u0436\u0435\u043d \u0437 \u044f\u043a\u0438\u0445 \u0454 \u043d\u0430\u0448\u0438\u043c \u043f\u0430\u0440\u0442\u043d\u0435\u0440\u043e\u043c.<\/p>\t\t\t\t\t\t<\/div>\n\t\t\t\t<\/div>\n\t\t\t\t\t<\/div>\n\t\t<\/div>\n\t\t\t\t\t<\/div>\n\t\t<\/section>\n\t\t\t\t<section class=\"elementor-section elementor-top-section elementor-element elementor-element-4949ca36 elementor-section-stretched elementor-section-content-middle cus-float-img elementor-section-boxed elementor-section-height-default elementor-section-height-default\" data-id=\"4949ca36\" data-element_type=\"section\" data-settings=\"{&quot;stretch_section&quot;:&quot;section-stretched&quot;,&quot;background_background&quot;:&quot;classic&quot;,&quot;_ha_eqh_enable&quot;:false}\">\n\t\t\t\t\t\t\t<div class=\"elementor-background-overlay\"><\/div>\n\t\t\t\t\t\t\t<div class=\"elementor-container elementor-column-gap-wide\">\n\t\t\t\t\t<div class=\"elementor-column elementor-col-33 elementor-top-column elementor-element elementor-element-336c221c\" data-id=\"336c221c\" data-element_type=\"column\">\n\t\t\t<div class=\"elementor-widget-wrap elementor-element-populated\">\n\t\t\t\t\t\t<section class=\"elementor-section elementor-inner-section elementor-element elementor-element-3c78740f elementor-section-content-middle elementor-section-boxed elementor-section-height-default elementor-section-height-default\" data-id=\"3c78740f\" data-element_type=\"section\" data-settings=\"{&quot;_ha_eqh_enable&quot;:false}\">\n\t\t\t\t\t\t<div class=\"elementor-container elementor-column-gap-default\">\n\t\t\t\t\t<div class=\"elementor-column elementor-col-100 elementor-inner-column elementor-element elementor-element-2242c7b7\" data-id=\"2242c7b7\" data-element_type=\"column\">\n\t\t\t<div class=\"elementor-widget-wrap elementor-element-populated\">\n\t\t\t\t\t\t<div class=\"elementor-element elementor-element-6174b5b2 cea-view-default elementor-invisible elementor-widget elementor-widget-ceafeaturebox\" data-id=\"6174b5b2\" data-element_type=\"widget\" data-settings=\"{&quot;_animation&quot;:&quot;fadeInUp&quot;}\" data-widget_type=\"ceafeaturebox.default\">\n\t\t\t\t<div class=\"elementor-widget-container feature-box-wrapper feature-box-default\">\r\n\t\t\t<div class=\"media\"><div class=\"media-icon-part align-self-center\"><div class=\"cea-featured-icon\"><i aria-hidden=\"true\" class=\"ti ti-location-pin\"><\/i><\/div><\/div><div class=\"media-body align-self-center\"><div class=\"fbox-content\">vul. Mashynobudivnykiv, bud 5, m. Vyshneve, Kyivska Oblast, 08132, Ukraine<\/div><\/div><!-- .media-body --><\/div><!-- .media -->\t\t<\/div>\r\n\t\t\t\t<\/div>\n\t\t\t\t\t<\/div>\n\t\t<\/div>\n\t\t\t\t\t<\/div>\n\t\t<\/section>\n\t\t\t\t\t<\/div>\n\t\t<\/div>\n\t\t\t\t<div class=\"elementor-column elementor-col-33 elementor-top-column elementor-element elementor-element-15fac619 elementor-invisible\" data-id=\"15fac619\" data-element_type=\"column\" data-settings=\"{&quot;animation&quot;:&quot;fadeInUp&quot;}\">\n\t\t\t<div class=\"elementor-widget-wrap elementor-element-populated\">\n\t\t\t\t\t\t<div class=\"elementor-element elementor-element-39eddf39 cea-view-default elementor-invisible elementor-widget elementor-widget-ceafeaturebox\" data-id=\"39eddf39\" data-element_type=\"widget\" data-settings=\"{&quot;_animation&quot;:&quot;fadeInUp&quot;}\" data-widget_type=\"ceafeaturebox.default\">\n\t\t\t\t<div class=\"elementor-widget-container feature-box-wrapper feature-box-default\">\r\n\t\t\t<div class=\"media\"><div class=\"media-icon-part align-self-center\"><div class=\"cea-featured-icon cea-elementor-animation\"><i aria-hidden=\"true\" class=\"ti ti-headphone-alt\"><\/i><\/div><\/div><div class=\"media-body align-self-center\"><div class=\"fbox-content\"><a href=\"tel: 380445380360\">+38(044) 538-03-60<\/a>\n\n<\/div><\/div><!-- .media-body --><\/div><!-- .media -->\t\t<\/div>\r\n\t\t\t\t<\/div>\n\t\t\t\t\t<\/div>\n\t\t<\/div>\n\t\t\t\t<div class=\"elementor-column elementor-col-33 elementor-top-column elementor-element elementor-element-15eed415 elementor-invisible\" data-id=\"15eed415\" data-element_type=\"column\" data-settings=\"{&quot;animation&quot;:&quot;fadeInUp&quot;}\">\n\t\t\t<div class=\"elementor-widget-wrap elementor-element-populated\">\n\t\t\t\t\t\t<div class=\"elementor-element elementor-element-4f1180da cea-view-default elementor-invisible elementor-widget elementor-widget-ceafeaturebox\" data-id=\"4f1180da\" data-element_type=\"widget\" data-settings=\"{&quot;_animation&quot;:&quot;fadeInUp&quot;}\" data-widget_type=\"ceafeaturebox.default\">\n\t\t\t\t<div class=\"elementor-widget-container feature-box-wrapper feature-box-default\">\r\n\t\t\t<div class=\"media\"><div class=\"media-icon-part align-self-center\"><div class=\"cea-featured-icon\"><i aria-hidden=\"true\" class=\"ti ti-email\"><\/i><\/div><\/div><div class=\"media-body align-self-center\"><div class=\"fbox-content\"><a href=\"mailto:office@gerz-construction.com\">office@gerz-construction.com <\/a>\n<\/div><\/div><!-- .media-body --><\/div><!-- .media -->\t\t<\/div>\r\n\t\t\t\t<\/div>\n\t\t\t\t\t<\/div>\n\t\t<\/div>\n\t\t\t\t\t<\/div>\n\t\t<\/section>\n\t\t\t\t<\/div>","protected":false},"excerpt":{"rendered":"<p>\u041c\u0438 \u0441\u043f\u0435\u0446\u0456\u0430\u043b\u0456\u0437\u0443\u0454\u043c\u043e\u0441\u044f \u043d\u0430 \u0441\u0442\u0432\u043e\u0440\u0435\u043d\u043d\u0456 \u043f\u043e\u0432\u043d\u043e\u0433\u043e \u043f\u0430\u043a\u0435\u0442\u0443 \u043f\u0440\u043e\u0454\u043a\u0442\u043d\u043e\u0457 \u0434\u043e\u043a\u0443\u043c\u0435\u043d\u0442\u0430\u0446\u0456\u0457 \u043d\u0430 \u0432\u0441\u0456\u0445 \u0435\u0442\u0430\u043f\u0430\u0445: \u0432\u0456\u0434 \u043a\u043e\u043d\u0446\u0435\u043f\u0446\u0456\u0457 \u0434\u043e \u0440\u043e\u0431\u043e\u0447\u0438\u0445 \u043a\u0440\u0435\u0441\u043b\u0435\u043d\u044c. \u041d\u0430\u0448 \u043f\u0456\u0434\u0445\u0456\u0434 \u0432\u043a\u043b\u044e\u0447\u0430\u0454 \u0432\u0438\u043a\u043e\u0440\u0438\u0441\u0442\u0430\u043d\u043d\u044f BIM-\u0442\u0435\u0445\u043d\u043e\u043b\u043e\u0433\u0456\u0439, \u0449\u043e \u0433\u0430\u0440\u0430\u043d\u0442\u0443\u0454 \u0456\u043d\u0442\u0435\u0433\u0440\u0430\u0446\u0456\u044e, \u0442\u043e\u0447\u043d\u0456\u0441\u0442\u044c \u0456 \u0432\u0438\u0441\u043e\u043a\u0443 \u044f\u043a\u0456\u0441\u0442\u044c \u0440\u0435\u0430\u043b\u0456\u0437\u0430\u0446\u0456\u0457 \u043f\u0440\u043e\u0454\u043a\u0442\u0456\u0432 \u0443 \u0441\u0444\u0435\u0440\u0456 \u043a\u043e\u043c\u0435\u0440\u0446\u0456\u0439\u043d\u043e\u0457, \u0436\u0438\u0442\u043b\u043e\u0432\u043e\u0457 \u0442\u0430 \u043f\u0440\u043e\u043c\u0438\u0441\u043b\u043e\u0432\u043e\u0457 \u043d\u0435\u0440\u0443\u0445\u043e\u043c\u043e\u0441\u0442\u0456. \u041c\u0438 \u0434\u0435\u0442\u0430\u043b\u044c\u043d\u043e \u043f\u0440\u0430\u0446\u044e\u0454\u043c\u043e \u043d\u0430 \u043a\u043e\u0436\u043d\u0456\u0439 \u0441\u0442\u0430\u0434\u0456\u0457 \u043f\u0440\u043e\u0454\u043a\u0442\u0443\u0432\u0430\u043d\u043d\u044f, \u043f\u043e\u0447\u0438\u043d\u0430\u044e\u0447\u0438 \u0432\u0456\u0434 \u0430\u043d\u0430\u043b\u0456\u0437\u0443 \u0456\u0441\u043d\u0443\u044e\u0447\u043e\u0457 \u0434\u043e\u043a\u0443\u043c\u0435\u043d\u0442\u0430\u0446\u0456\u0457 \u0442\u0430 \u0440\u043e\u0437\u0440\u043e\u0431\u043a\u0438 \u043a\u043e\u043d\u0446\u0435\u043f\u0442\u0443\u0430\u043b\u044c\u043d\u0438\u0445 \u0440\u0456\u0448\u0435\u043d\u044c \u0434\u043e \u0441\u0442\u0432\u043e\u0440\u0435\u043d\u043d\u044f<\/p>","protected":false},"author":1,"featured_media":0,"parent":0,"menu_order":0,"comment_status":"closed","ping_status":"closed","template":"","meta":{"footnotes":""},"_links":{"self":[{"href":"https:\/\/gerz-construction.com\/fr\/wp-json\/wp\/v2\/pages\/27238"}],"collection":[{"href":"https:\/\/gerz-construction.com\/fr\/wp-json\/wp\/v2\/pages"}],"about":[{"href":"https:\/\/gerz-construction.com\/fr\/wp-json\/wp\/v2\/types\/page"}],"author":[{"embeddable":true,"href":"https:\/\/gerz-construction.com\/fr\/wp-json\/wp\/v2\/users\/1"}],"replies":[{"embeddable":true,"href":"https:\/\/gerz-construction.com\/fr\/wp-json\/wp\/v2\/comments?post=27238"}],"version-history":[{"count":61,"href":"https:\/\/gerz-construction.com\/fr\/wp-json\/wp\/v2\/pages\/27238\/revisions"}],"predecessor-version":[{"id":29316,"href":"https:\/\/gerz-construction.com\/fr\/wp-json\/wp\/v2\/pages\/27238\/revisions\/29316"}],"wp:attachment":[{"href":"https:\/\/gerz-construction.com\/fr\/wp-json\/wp\/v2\/media?parent=27238"}],"curies":[{"name":"wp","href":"https:\/\/api.w.org\/{rel}","templated":true}]}}