{"id":27229,"date":"2024-06-04T14:05:36","date_gmt":"2024-06-04T11:05:36","guid":{"rendered":"https:\/\/gerz-construction.com\/?page_id=27229"},"modified":"2024-12-11T13:53:30","modified_gmt":"2024-12-11T11:53:30","slug":"slygba-zamovnuka","status":"publish","type":"page","link":"https:\/\/gerz-construction.com\/fr\/slygba-zamovnuka\/","title":{"rendered":"La gestion int\u00e9grale"},"content":{"rendered":"<div data-elementor-type=\"wp-page\" data-elementor-id=\"27229\" class=\"elementor elementor-27229\" data-elementor-post-type=\"page\">\n\t\t\t\t\t\t<section class=\"elementor-section elementor-top-section elementor-element elementor-element-4004b545 elementor-section-stretched elementor-section-content-middle elementor-section-full_width elementor-section-height-default elementor-section-height-default elementor-invisible\" data-id=\"4004b545\" data-element_type=\"section\" data-settings=\"{&quot;stretch_section&quot;:&quot;section-stretched&quot;,&quot;background_background&quot;:&quot;classic&quot;,&quot;animation&quot;:&quot;zoomInUp&quot;,&quot;_ha_eqh_enable&quot;:false}\">\n\t\t\t\t\t\t\t<div class=\"elementor-background-overlay\"><\/div>\n\t\t\t\t\t\t\t<div class=\"elementor-container elementor-column-gap-wide\">\n\t\t\t\t\t<div class=\"elementor-column elementor-col-50 elementor-top-column elementor-element elementor-element-3b6d32a4 elementor-invisible\" data-id=\"3b6d32a4\" data-element_type=\"column\" data-settings=\"{&quot;background_background&quot;:&quot;classic&quot;,&quot;animation&quot;:&quot;slideInUp&quot;}\">\n\t\t\t<div class=\"elementor-widget-wrap elementor-element-populated\">\n\t\t\t\t\t\t<div class=\"elementor-element elementor-element-4c66635e elementor-widget elementor-widget-image\" data-id=\"4c66635e\" data-element_type=\"widget\" data-widget_type=\"image.default\">\n\t\t\t\t<div class=\"elementor-widget-container\">\n\t\t\t<style>\/*! elementor - v3.20.0 - 20-03-2024 *\/\n.elementor-widget-image{text-align:center}.elementor-widget-image a{display:inline-block}.elementor-widget-image a img[src$=\".svg\"]{width:48px}.elementor-widget-image img{vertical-align:middle;display:inline-block}<\/style>\t\t\t\t\t\t\t\t\t\t<img fetchpriority=\"high\" decoding=\"async\" width=\"768\" height=\"456\" src=\"https:\/\/gerz-construction.com\/wp-content\/uploads\/2024\/06\/\u0411\u0435\u0437-\u0438\u043c\u0435\u043d\u0438-4-5.jpg\" class=\"attachment-medium size-medium wp-image-27698\" alt=\"\" \/>\t\t\t\t\t\t\t\t\t\t\t\t\t<\/div>\n\t\t\t\t<\/div>\n\t\t\t\t\t<\/div>\n\t\t<\/div>\n\t\t\t\t<div class=\"elementor-column elementor-col-50 elementor-top-column elementor-element elementor-element-eb60fc8 elementor-invisible\" data-id=\"eb60fc8\" data-element_type=\"column\" data-settings=\"{&quot;background_background&quot;:&quot;classic&quot;,&quot;animation&quot;:&quot;slideInUp&quot;}\">\n\t\t\t<div class=\"elementor-widget-wrap elementor-element-populated\">\n\t\t\t\t\t\t<div class=\"elementor-element elementor-element-52b074d7 elementor-widget elementor-widget-text-editor\" data-id=\"52b074d7\" data-element_type=\"widget\" data-widget_type=\"text-editor.default\">\n\t\t\t\t<div class=\"elementor-widget-container\">\n\t\t\t<style>\/*! elementor - v3.20.0 - 20-03-2024 *\/\n.elementor-widget-text-editor.elementor-drop-cap-view-stacked .elementor-drop-cap{background-color:#69727d;color:#fff}.elementor-widget-text-editor.elementor-drop-cap-view-framed .elementor-drop-cap{color:#69727d;border:3px solid;background-color:transparent}.elementor-widget-text-editor:not(.elementor-drop-cap-view-default) .elementor-drop-cap{margin-top:8px}.elementor-widget-text-editor:not(.elementor-drop-cap-view-default) .elementor-drop-cap-letter{width:1em;height:1em}.elementor-widget-text-editor .elementor-drop-cap{float:left;text-align:center;line-height:1;font-size:50px}.elementor-widget-text-editor .elementor-drop-cap-letter{display:inline-block}<\/style>\t\t\t\t<h4>Un contr\u00f4le total \u00e0 chaque \u00e9tape<\/h4><p>GERZ propose des services complets de gestion de projets en format EPC\/EPCM, couvrant le cycle int\u00e9gral des travaux \u2013 de la planification initiale jusqu\u2019\u00e0 la mise en service de l'ouvrage. Notre approche inclut la conception, les achats, la construction, la supervision technique et la gestion des autorisations.<\/p><h4>Des solutions sur mesure pour chaque client<\/h4><p>Nous r\u00e9alisons une analyse approfondie des projets, \u00e9laborons une \u00e9tude de faisabilit\u00e9 technico-\u00e9conomique, planifions toutes les phases des travaux et s\u00e9lectionnons des partenaires fiables pour l\u2019ex\u00e9cution des t\u00e2ches, en fonction des besoins du client.<\/p>\t\t\t\t\t\t<\/div>\n\t\t\t\t<\/div>\n\t\t\t\t\t<\/div>\n\t\t<\/div>\n\t\t\t\t\t<\/div>\n\t\t<\/section>\n\t\t\t\t<section class=\"elementor-section elementor-top-section elementor-element elementor-element-4943a5ad elementor-section-stretched elementor-section-content-middle elementor-section-full_width elementor-section-height-default elementor-section-height-default elementor-invisible\" data-id=\"4943a5ad\" data-element_type=\"section\" data-settings=\"{&quot;stretch_section&quot;:&quot;section-stretched&quot;,&quot;background_background&quot;:&quot;classic&quot;,&quot;animation&quot;:&quot;zoomInUp&quot;,&quot;_ha_eqh_enable&quot;:false}\">\n\t\t\t\t\t\t\t<div class=\"elementor-background-overlay\"><\/div>\n\t\t\t\t\t\t\t<div class=\"elementor-container elementor-column-gap-wide\">\n\t\t\t\t\t<div class=\"elementor-column elementor-col-50 elementor-top-column elementor-element elementor-element-5f689ea9 elementor-invisible\" data-id=\"5f689ea9\" data-element_type=\"column\" data-settings=\"{&quot;background_background&quot;:&quot;classic&quot;,&quot;animation&quot;:&quot;slideInUp&quot;}\">\n\t\t\t<div class=\"elementor-widget-wrap elementor-element-populated\">\n\t\t\t\t\t\t<div class=\"elementor-element elementor-element-2b7a4116 elementor-widget elementor-widget-text-editor\" data-id=\"2b7a4116\" data-element_type=\"widget\" data-widget_type=\"text-editor.default\">\n\t\t\t\t<div class=\"elementor-widget-container\">\n\t\t\t\t\t\t\t<h4>Respect des normes de qualit\u00e9<\/h4><p>Nos experts supervisent l\u2019ensemble des processus sur le chantier, garantissant leur conformit\u00e9 aux normes internationales. Nous assurons une ex\u00e9cution de qualit\u00e9 du projet dans les d\u00e9lais et dans le cadre du budget convenu.<\/p><h4>Votre partenaire \u00e0 chaque \u00e9tape<\/h4><p>De la supervision technique \u00e0 la gestion des ouvrages achev\u00e9s, GERZ assure un accompagnement fiable \u00e0 chaque projet, \u00e9tablissant ainsi une base solide pour un succ\u00e8s durable.<\/p>\t\t\t\t\t\t<\/div>\n\t\t\t\t<\/div>\n\t\t\t\t\t<\/div>\n\t\t<\/div>\n\t\t\t\t<div class=\"elementor-column elementor-col-50 elementor-top-column elementor-element elementor-element-11a352a1 elementor-invisible\" data-id=\"11a352a1\" data-element_type=\"column\" data-settings=\"{&quot;background_background&quot;:&quot;classic&quot;,&quot;animation&quot;:&quot;slideInUp&quot;}\">\n\t\t\t<div class=\"elementor-widget-wrap elementor-element-populated\">\n\t\t\t\t\t\t<div class=\"elementor-element elementor-element-558a0d47 elementor-widget elementor-widget-image\" data-id=\"558a0d47\" data-element_type=\"widget\" data-widget_type=\"image.default\">\n\t\t\t\t<div class=\"elementor-widget-container\">\n\t\t\t\t\t\t\t\t\t\t\t\t\t<img decoding=\"async\" width=\"768\" height=\"456\" src=\"https:\/\/gerz-construction.com\/wp-content\/uploads\/2024\/06\/\u0411\u0435\u0437-\u0438\u043c\u0435\u043d\u0438-5-4.jpg\" class=\"attachment-medium size-medium wp-image-27700\" alt=\"\" \/>\t\t\t\t\t\t\t\t\t\t\t\t\t<\/div>\n\t\t\t\t<\/div>\n\t\t\t\t\t<\/div>\n\t\t<\/div>\n\t\t\t\t\t<\/div>\n\t\t<\/section>\n\t\t\t\t<section class=\"elementor-section elementor-top-section elementor-element elementor-element-545e2992 elementor-section-stretched elementor-section-content-middle elementor-section-full_width elementor-hidden-desktop elementor-hidden-tablet elementor-hidden-mobile elementor-section-height-default elementor-section-height-default elementor-invisible\" data-id=\"545e2992\" data-element_type=\"section\" data-settings=\"{&quot;stretch_section&quot;:&quot;section-stretched&quot;,&quot;background_background&quot;:&quot;classic&quot;,&quot;animation&quot;:&quot;zoomInUp&quot;,&quot;_ha_eqh_enable&quot;:false}\">\n\t\t\t\t\t\t\t<div class=\"elementor-background-overlay\"><\/div>\n\t\t\t\t\t\t\t<div class=\"elementor-container elementor-column-gap-wide\">\n\t\t\t\t\t<div class=\"elementor-column elementor-col-100 elementor-top-column elementor-element elementor-element-241642bc elementor-invisible\" data-id=\"241642bc\" data-element_type=\"column\" data-settings=\"{&quot;background_background&quot;:&quot;classic&quot;,&quot;animation&quot;:&quot;slideInUp&quot;}\">\n\t\t\t<div class=\"elementor-widget-wrap elementor-element-populated\">\n\t\t\t\t\t\t<div class=\"elementor-element elementor-element-6a460618 elementor-widget elementor-widget-text-editor\" data-id=\"6a460618\" data-element_type=\"widget\" data-widget_type=\"text-editor.default\">\n\t\t\t\t<div class=\"elementor-widget-container\">\n\t\t\t\t\t\t\t<p><strong>Gerz Construction Ukraine<\/strong> \u2013 \u0446\u0435 \u0443\u043a\u0440\u0430\u0457\u043d\u0441\u044c\u043a\u0430 \u0447\u0430\u0441\u0442\u0438\u043d\u0430 \u0431\u0456\u0437\u043d\u0435\u0441\u0443 <a href=\"#\">GERZ HOLDING<\/a>, \u0432\u0435\u0440\u0442\u0438\u043a\u0430\u043b\u044c\u043d\u043e-\u0456\u043d\u0442\u0435\u0433\u0440\u043e\u0432\u0430\u043d\u043e\u0457 \u0433\u0440\u0443\u043f\u0438 \u043a\u043e\u043c\u043f\u0430\u043d\u0456\u0439 \u0437 \u0430\u043a\u0442\u0438\u0432\u0430\u043c\u0438 \u0443 \u0431\u0443\u0434\u0456\u0432\u043d\u0438\u0446\u0442\u0432\u0456, \u0434\u0435\u0432\u0435\u043b\u043e\u043f\u043c\u0435\u043d\u0442\u0456 \u0442\u0430 \u0444\u0456\u043d\u0430\u043d\u0441\u0430\u0445 \u0432 \u0423\u043a\u0440\u0430\u0457\u043d\u0456 \u0442\u0430 <a href=\"#\">\u041f\u043e\u043b\u044c\u0449\u0456<\/a>. \u041f\u0440\u043e\u0442\u044f\u0433\u043e\u043c \u0442\u0440\u0438\u0434\u0446\u044f\u0442\u0438 \u0440\u043e\u043a\u0456\u0432 \u043c\u0438 \u0441\u0442\u0432\u043e\u0440\u044e\u0454\u043c\u043e \u0456\u0441\u0442\u043e\u0440\u0456\u044e, \u0449\u043e \u0432\u0442\u0456\u043b\u0435\u043d\u0430 \u0443 \u0431\u0443\u0434\u0456\u0432\u043d\u0438\u0446\u0442\u0432\u0456 \u043f\u0440\u043e\u043c\u0438\u0441\u043b\u043e\u0432\u043e\u0457, \u043a\u043e\u043c\u0435\u0440\u0446\u0456\u0439\u043d\u043e\u0457 \u0442\u0430 \u0436\u0438\u0442\u043b\u043e\u0432\u043e\u0457 \u043d\u0435\u0440\u0443\u0445\u043e\u043c\u043e\u0441\u0442\u0456.<\/p><p>\u041f\u043e\u0454\u0434\u043d\u0430\u043d\u043d\u044f \u0432\u043b\u0430\u0441\u043d\u043e\u0433\u043e \u0434\u043e\u0441\u0432\u0456\u0434\u0443, \u043f\u0435\u0440\u0435\u0434\u043e\u0432\u0438\u0445 \u0442\u0435\u0445\u043d\u043e\u043b\u043e\u0433\u0456\u0439 \u0442\u0430 \u0441\u0443\u0447\u0430\u0441\u043d\u0438\u0445 \u0441\u0442\u0430\u043d\u0434\u0430\u0440\u0442\u0456\u0432, \u0434\u043e\u0437\u0432\u043e\u043b\u044f\u044e\u0442\u044c \u043d\u0430\u043c \u043d\u0430\u0434\u0430\u0432\u0430\u0442\u0438 \u043f\u043e\u0432\u043d\u0438\u0439 \u043a\u043e\u043c\u043f\u043b\u0435\u043a\u0441 \u0432\u0438\u0441\u043e\u043a\u043e\u044f\u043a\u0456\u0441\u043d\u0438\u0445 \u043f\u043e\u0441\u043b\u0443\u0433 \u0443 \u0441\u0444\u0435\u0440\u0456 \u043f\u0440\u043e\u0435\u043a\u0442\u0443\u0432\u0430\u043d\u043d\u044f \u0442\u0430 \u0431\u0443\u0434\u0456\u0432\u043d\u0438\u0446\u0442\u0432\u0430 \u0434\u043b\u044f \u043a\u043b\u0456\u0454\u043d\u0442\u0456\u0432, \u043a\u043e\u0436\u0435\u043d \u0437 \u044f\u043a\u0438\u0445 \u0454 \u043d\u0430\u0448\u0438\u043c \u043f\u0430\u0440\u0442\u043d\u0435\u0440\u043e\u043c.<\/p>\t\t\t\t\t\t<\/div>\n\t\t\t\t<\/div>\n\t\t\t\t\t<\/div>\n\t\t<\/div>\n\t\t\t\t\t<\/div>\n\t\t<\/section>\n\t\t\t\t<section class=\"elementor-section elementor-top-section elementor-element elementor-element-48dea809 elementor-section-stretched elementor-section-content-middle cus-float-img elementor-section-boxed elementor-section-height-default elementor-section-height-default\" data-id=\"48dea809\" data-element_type=\"section\" data-settings=\"{&quot;stretch_section&quot;:&quot;section-stretched&quot;,&quot;background_background&quot;:&quot;classic&quot;,&quot;_ha_eqh_enable&quot;:false}\">\n\t\t\t\t\t\t\t<div class=\"elementor-background-overlay\"><\/div>\n\t\t\t\t\t\t\t<div class=\"elementor-container elementor-column-gap-wide\">\n\t\t\t\t\t<div class=\"elementor-column elementor-col-33 elementor-top-column elementor-element elementor-element-6f4403ec\" data-id=\"6f4403ec\" data-element_type=\"column\">\n\t\t\t<div class=\"elementor-widget-wrap elementor-element-populated\">\n\t\t\t\t\t\t<section class=\"elementor-section elementor-inner-section elementor-element elementor-element-244b1b26 elementor-section-content-middle elementor-section-boxed elementor-section-height-default elementor-section-height-default\" data-id=\"244b1b26\" data-element_type=\"section\" data-settings=\"{&quot;_ha_eqh_enable&quot;:false}\">\n\t\t\t\t\t\t<div class=\"elementor-container elementor-column-gap-default\">\n\t\t\t\t\t<div class=\"elementor-column elementor-col-100 elementor-inner-column elementor-element elementor-element-17d99e33\" data-id=\"17d99e33\" data-element_type=\"column\">\n\t\t\t<div class=\"elementor-widget-wrap elementor-element-populated\">\n\t\t\t\t\t\t<div class=\"elementor-element elementor-element-67a72280 cea-view-default elementor-invisible elementor-widget elementor-widget-ceafeaturebox\" data-id=\"67a72280\" data-element_type=\"widget\" data-settings=\"{&quot;_animation&quot;:&quot;fadeInUp&quot;}\" data-widget_type=\"ceafeaturebox.default\">\n\t\t\t\t<div class=\"elementor-widget-container feature-box-wrapper feature-box-default\">\r\n\t\t\t<div class=\"media\"><div class=\"media-icon-part align-self-center\"><div class=\"cea-featured-icon\"><i aria-hidden=\"true\" class=\"ti ti-location-pin\"><\/i><\/div><\/div><div class=\"media-body align-self-center\"><div class=\"fbox-content\">vul. Mashynobudivnykiv, bud 5, m. Vyshneve, Kyivska Oblast, 08132, Ukraine<\/div><\/div><!-- .media-body --><\/div><!-- .media -->\t\t<\/div>\r\n\t\t\t\t<\/div>\n\t\t\t\t\t<\/div>\n\t\t<\/div>\n\t\t\t\t\t<\/div>\n\t\t<\/section>\n\t\t\t\t\t<\/div>\n\t\t<\/div>\n\t\t\t\t<div class=\"elementor-column elementor-col-33 elementor-top-column elementor-element elementor-element-767d1dfa elementor-invisible\" data-id=\"767d1dfa\" data-element_type=\"column\" data-settings=\"{&quot;animation&quot;:&quot;fadeInUp&quot;}\">\n\t\t\t<div class=\"elementor-widget-wrap elementor-element-populated\">\n\t\t\t\t\t\t<div class=\"elementor-element elementor-element-7d89cdd7 cea-view-default elementor-invisible elementor-widget elementor-widget-ceafeaturebox\" data-id=\"7d89cdd7\" data-element_type=\"widget\" data-settings=\"{&quot;_animation&quot;:&quot;fadeInUp&quot;}\" data-widget_type=\"ceafeaturebox.default\">\n\t\t\t\t<div class=\"elementor-widget-container feature-box-wrapper feature-box-default\">\r\n\t\t\t<div class=\"media\"><div class=\"media-icon-part align-self-center\"><div class=\"cea-featured-icon cea-elementor-animation\"><i aria-hidden=\"true\" class=\"ti ti-headphone-alt\"><\/i><\/div><\/div><div class=\"media-body align-self-center\"><div class=\"fbox-content\"><a href=\"tel: 380445380360\">+38(044) 538-03-60<\/a>\n\n<\/div><\/div><!-- .media-body --><\/div><!-- .media -->\t\t<\/div>\r\n\t\t\t\t<\/div>\n\t\t\t\t\t<\/div>\n\t\t<\/div>\n\t\t\t\t<div class=\"elementor-column elementor-col-33 elementor-top-column elementor-element elementor-element-40a51bd9 elementor-invisible\" data-id=\"40a51bd9\" data-element_type=\"column\" data-settings=\"{&quot;animation&quot;:&quot;fadeInUp&quot;}\">\n\t\t\t<div class=\"elementor-widget-wrap elementor-element-populated\">\n\t\t\t\t\t\t<div class=\"elementor-element elementor-element-aafdc59 cea-view-default elementor-invisible elementor-widget elementor-widget-ceafeaturebox\" data-id=\"aafdc59\" data-element_type=\"widget\" data-settings=\"{&quot;_animation&quot;:&quot;fadeInUp&quot;}\" data-widget_type=\"ceafeaturebox.default\">\n\t\t\t\t<div class=\"elementor-widget-container feature-box-wrapper feature-box-default\">\r\n\t\t\t<div class=\"media\"><div class=\"media-icon-part align-self-center\"><div class=\"cea-featured-icon\"><i aria-hidden=\"true\" class=\"ti ti-email\"><\/i><\/div><\/div><div class=\"media-body align-self-center\"><div class=\"fbox-content\"><a href=\"mailto:office@gerz-construction.com\">office@gerz-construction.com <\/a>\n<\/div><\/div><!-- .media-body --><\/div><!-- .media -->\t\t<\/div>\r\n\t\t\t\t<\/div>\n\t\t\t\t\t<\/div>\n\t\t<\/div>\n\t\t\t\t\t<\/div>\n\t\t<\/section>\n\t\t\t\t<\/div>","protected":false},"excerpt":{"rendered":"<p>\u041f\u043e\u0432\u043d\u0438\u0439 \u043a\u043e\u043d\u0442\u0440\u043e\u043b\u044c \u043d\u0430 \u043a\u043e\u0436\u043d\u043e\u043c\u0443 \u0435\u0442\u0430\u043f\u0456 GERZ \u043f\u0440\u043e\u043f\u043e\u043d\u0443\u0454 \u043a\u043e\u043c\u043f\u043b\u0435\u043a\u0441\u043d\u0456 \u043f\u043e\u0441\u043b\u0443\u0433\u0438 \u0437 \u0443\u043f\u0440\u0430\u0432\u043b\u0456\u043d\u043d\u044f \u043f\u0440\u043e\u0454\u043a\u0442\u0430\u043c\u0438 \u0444\u043e\u0440\u043c\u0430\u0442\u0443 EPC\/EPCM, \u0437\u0430\u0431\u0435\u0437\u043f\u0435\u0447\u0443\u044e\u0447\u0438 \u043f\u043e\u0432\u043d\u0438\u0439 \u0446\u0438\u043a\u043b \u0440\u043e\u0431\u0456\u0442 \u2013 \u0432\u0456\u0434 \u043f\u043e\u0447\u0430\u0442\u043a\u043e\u0432\u043e\u0433\u043e \u043f\u043b\u0430\u043d\u0443\u0432\u0430\u043d\u043d\u044f \u0434\u043e \u0432\u0432\u0435\u0434\u0435\u043d\u043d\u044f \u043e\u0431\u2019\u0454\u043a\u0442\u0430 \u0432 \u0435\u043a\u0441\u043f\u043b\u0443\u0430\u0442\u0430\u0446\u0456\u044e. \u041d\u0430\u0448 \u043f\u0456\u0434\u0445\u0456\u0434 \u043e\u0445\u043e\u043f\u043b\u044e\u0454 \u043f\u0440\u043e\u0435\u043a\u0442\u0443\u0432\u0430\u043d\u043d\u044f, \u0437\u0430\u043a\u0443\u043f\u0456\u0432\u043b\u0456, \u0431\u0443\u0434\u0456\u0432\u043d\u0438\u0446\u0442\u0432\u043e, \u0442\u0435\u0445\u043d\u0456\u0447\u043d\u0438\u0439 \u043d\u0430\u0433\u043b\u044f\u0434 \u0456 \u0443\u043f\u0440\u0430\u0432\u043b\u0456\u043d\u043d\u044f \u0434\u043e\u0437\u0432\u043e\u043b\u0430\u043c\u0438. \u0406\u043d\u0434\u0438\u0432\u0456\u0434\u0443\u0430\u043b\u044c\u043d\u0456 \u0440\u0456\u0448\u0435\u043d\u043d\u044f \u0434\u043b\u044f \u043a\u043e\u0436\u043d\u043e\u0433\u043e \u043a\u043b\u0456\u0454\u043d\u0442\u0430 \u041c\u0438 \u043f\u0440\u043e\u0432\u043e\u0434\u0438\u043c\u043e \u0434\u0435\u0442\u0430\u043b\u044c\u043d\u0438\u0439 \u0430\u043d\u0430\u043b\u0456\u0437 \u043f\u0440\u043e\u0454\u043a\u0442\u0456\u0432, \u0440\u043e\u0437\u0440\u043e\u0431\u043b\u044f\u0454\u043c\u043e \u0442\u0435\u0445\u043d\u0456\u043a\u043e-\u0435\u043a\u043e\u043d\u043e\u043c\u0456\u0447\u043d\u0435 \u043e\u0431\u0491\u0440\u0443\u043d\u0442\u0443\u0432\u0430\u043d\u043d\u044f, \u043f\u043b\u0430\u043d\u0443\u0454\u043c\u043e \u0432\u0441\u0456 \u0441\u0442\u0430\u0434\u0456\u0457 \u0440\u043e\u0431\u0456\u0442<\/p>","protected":false},"author":1,"featured_media":0,"parent":0,"menu_order":0,"comment_status":"closed","ping_status":"closed","template":"","meta":{"footnotes":""},"_links":{"self":[{"href":"https:\/\/gerz-construction.com\/fr\/wp-json\/wp\/v2\/pages\/27229"}],"collection":[{"href":"https:\/\/gerz-construction.com\/fr\/wp-json\/wp\/v2\/pages"}],"about":[{"href":"https:\/\/gerz-construction.com\/fr\/wp-json\/wp\/v2\/types\/page"}],"author":[{"embeddable":true,"href":"https:\/\/gerz-construction.com\/fr\/wp-json\/wp\/v2\/users\/1"}],"replies":[{"embeddable":true,"href":"https:\/\/gerz-construction.com\/fr\/wp-json\/wp\/v2\/comments?post=27229"}],"version-history":[{"count":37,"href":"https:\/\/gerz-construction.com\/fr\/wp-json\/wp\/v2\/pages\/27229\/revisions"}],"predecessor-version":[{"id":29310,"href":"https:\/\/gerz-construction.com\/fr\/wp-json\/wp\/v2\/pages\/27229\/revisions\/29310"}],"wp:attachment":[{"href":"https:\/\/gerz-construction.com\/fr\/wp-json\/wp\/v2\/media?parent=27229"}],"curies":[{"name":"wp","href":"https:\/\/api.w.org\/{rel}","templated":true}]}}