{"id":27216,"date":"2024-06-04T13:57:40","date_gmt":"2024-06-04T10:57:40","guid":{"rendered":"https:\/\/gerz-construction.com\/?page_id=27216"},"modified":"2024-12-11T13:49:21","modified_gmt":"2024-12-11T11:49:21","slug":"generalnui-pidriad","status":"publish","type":"page","link":"https:\/\/gerz-construction.com\/fr\/generalnui-pidriad\/","title":{"rendered":"Ma\u00eetrise d\u2019\u0153uvre compl\u00e8te"},"content":{"rendered":"<div data-elementor-type=\"wp-page\" data-elementor-id=\"27216\" class=\"elementor elementor-27216\" data-elementor-post-type=\"page\">\n\t\t\t\t\t\t<section class=\"elementor-section elementor-top-section elementor-element elementor-element-e95f74e elementor-section-stretched elementor-section-content-middle elementor-section-full_width elementor-section-height-default elementor-section-height-default elementor-invisible\" data-id=\"e95f74e\" data-element_type=\"section\" data-settings=\"{&quot;stretch_section&quot;:&quot;section-stretched&quot;,&quot;background_background&quot;:&quot;classic&quot;,&quot;animation&quot;:&quot;zoomInUp&quot;,&quot;_ha_eqh_enable&quot;:false}\">\n\t\t\t\t\t\t\t<div class=\"elementor-background-overlay\"><\/div>\n\t\t\t\t\t\t\t<div class=\"elementor-container elementor-column-gap-wide\">\n\t\t\t\t\t<div class=\"elementor-column elementor-col-50 elementor-top-column elementor-element elementor-element-cca3b5f elementor-invisible\" data-id=\"cca3b5f\" data-element_type=\"column\" data-settings=\"{&quot;background_background&quot;:&quot;classic&quot;,&quot;animation&quot;:&quot;slideInUp&quot;}\">\n\t\t\t<div class=\"elementor-widget-wrap elementor-element-populated\">\n\t\t\t\t\t\t<div class=\"elementor-element elementor-element-b7028c5 elementor-widget elementor-widget-image\" data-id=\"b7028c5\" data-element_type=\"widget\" data-widget_type=\"image.default\">\n\t\t\t\t<div class=\"elementor-widget-container\">\n\t\t\t<style>\/*! elementor - v3.20.0 - 20-03-2024 *\/\n.elementor-widget-image{text-align:center}.elementor-widget-image a{display:inline-block}.elementor-widget-image a img[src$=\".svg\"]{width:48px}.elementor-widget-image img{vertical-align:middle;display:inline-block}<\/style>\t\t\t\t\t\t\t\t\t\t<img fetchpriority=\"high\" decoding=\"async\" width=\"768\" height=\"456\" src=\"https:\/\/gerz-construction.com\/wp-content\/uploads\/2024\/06\/\u0411\u0435\u0437-\u0438\u043c\u0435\u043d\u0438-13-768x456.jpg\" class=\"attachment-medium size-medium wp-image-26925\" alt=\"\" srcset=\"https:\/\/gerz-construction.com\/wp-content\/uploads\/2024\/06\/\u0411\u0435\u0437-\u0438\u043c\u0435\u043d\u0438-13-768x456.jpg 768w, https:\/\/gerz-construction.com\/wp-content\/uploads\/2024\/06\/\u0411\u0435\u0437-\u0438\u043c\u0435\u043d\u0438-13-1170x694.jpg 1170w\" sizes=\"(max-width: 768px) 100vw, 768px\" \/>\t\t\t\t\t\t\t\t\t\t\t\t\t<\/div>\n\t\t\t\t<\/div>\n\t\t\t\t\t<\/div>\n\t\t<\/div>\n\t\t\t\t<div class=\"elementor-column elementor-col-50 elementor-top-column elementor-element elementor-element-d136669 elementor-invisible\" data-id=\"d136669\" data-element_type=\"column\" data-settings=\"{&quot;background_background&quot;:&quot;classic&quot;,&quot;animation&quot;:&quot;slideInUp&quot;}\">\n\t\t\t<div class=\"elementor-widget-wrap elementor-element-populated\">\n\t\t\t\t\t\t<div class=\"elementor-element elementor-element-2469e0a elementor-widget elementor-widget-text-editor\" data-id=\"2469e0a\" data-element_type=\"widget\" data-widget_type=\"text-editor.default\">\n\t\t\t\t<div class=\"elementor-widget-container\">\n\t\t\t<style>\/*! elementor - v3.20.0 - 20-03-2024 *\/\n.elementor-widget-text-editor.elementor-drop-cap-view-stacked .elementor-drop-cap{background-color:#69727d;color:#fff}.elementor-widget-text-editor.elementor-drop-cap-view-framed .elementor-drop-cap{color:#69727d;border:3px solid;background-color:transparent}.elementor-widget-text-editor:not(.elementor-drop-cap-view-default) .elementor-drop-cap{margin-top:8px}.elementor-widget-text-editor:not(.elementor-drop-cap-view-default) .elementor-drop-cap-letter{width:1em;height:1em}.elementor-widget-text-editor .elementor-drop-cap{float:left;text-align:center;line-height:1;font-size:50px}.elementor-widget-text-editor .elementor-drop-cap-letter{display:inline-block}<\/style>\t\t\t\t<h4>La construction sans compromis<\/h4><p>Le contracting g\u00e9n\u00e9ral par GERZ, c\u2019est le contr\u00f4le int\u00e9gral et la gestion compl\u00e8te du processus de construction. Nous assurons la coordination de tous les travaux afin que votre projet soit r\u00e9alis\u00e9 dans les d\u00e9lais pr\u00e9vus, en respectant le budget fix\u00e9 ainsi que toutes les normes de qualit\u00e9, de s\u00e9curit\u00e9 et de durabilit\u00e9.<\/p><h4>La fiabilit\u00e9 dans chaque d\u00e9tail<\/h4><p>Notre approche pr\u00e9voit une organisation rigoureuse des travaux sur le chantier, la gestion des sous-traitants et un contr\u00f4le minutieux \u00e0 chaque \u00e9tape. Gr\u00e2ce \u00e0 notre longue exp\u00e9rience, nous garantissons une ex\u00e9cution impeccable de toutes les t\u00e2ches.<\/p>\t\t\t\t\t\t<\/div>\n\t\t\t\t<\/div>\n\t\t\t\t\t<\/div>\n\t\t<\/div>\n\t\t\t\t\t<\/div>\n\t\t<\/section>\n\t\t\t\t<section class=\"elementor-section elementor-top-section elementor-element elementor-element-8104a20 elementor-section-stretched elementor-section-content-middle elementor-section-full_width elementor-section-height-default elementor-section-height-default elementor-invisible\" data-id=\"8104a20\" data-element_type=\"section\" data-settings=\"{&quot;stretch_section&quot;:&quot;section-stretched&quot;,&quot;background_background&quot;:&quot;classic&quot;,&quot;animation&quot;:&quot;zoomInUp&quot;,&quot;_ha_eqh_enable&quot;:false}\">\n\t\t\t\t\t\t\t<div class=\"elementor-background-overlay\"><\/div>\n\t\t\t\t\t\t\t<div class=\"elementor-container elementor-column-gap-wide\">\n\t\t\t\t\t<div class=\"elementor-column elementor-col-50 elementor-top-column elementor-element elementor-element-dc11d4e elementor-invisible\" data-id=\"dc11d4e\" data-element_type=\"column\" data-settings=\"{&quot;background_background&quot;:&quot;classic&quot;,&quot;animation&quot;:&quot;slideInUp&quot;}\">\n\t\t\t<div class=\"elementor-widget-wrap elementor-element-populated\">\n\t\t\t\t\t\t<div class=\"elementor-element elementor-element-4c7dc55 elementor-widget elementor-widget-text-editor\" data-id=\"4c7dc55\" data-element_type=\"widget\" data-widget_type=\"text-editor.default\">\n\t\t\t\t<div class=\"elementor-widget-container\">\n\t\t\t\t\t\t\t<h4>Exp\u00e9rience et responsabilit\u00e9<\/h4><p>Nous sommes fiers de notre vaste portefeuille de projets r\u00e9alis\u00e9s avec succ\u00e8s. Nos clients savent qu\u2019en choisissant GERZ, ils optent pour un partenaire qui tient toujours ses engagements.<\/p><h4>Transparence et confiance<\/h4><p>Chaque \u00e9tape de la construction est accompagn\u00e9e d\u2019un reporting transparent et d\u2019une communication r\u00e9guli\u00e8re avec le client. Nous cr\u00e9ons les conditions d\u2019une collaboration efficace, garantissant ainsi un r\u00e9sultat qui r\u00e9pond aux attentes les plus \u00e9lev\u00e9es.<\/p>\t\t\t\t\t\t<\/div>\n\t\t\t\t<\/div>\n\t\t\t\t\t<\/div>\n\t\t<\/div>\n\t\t\t\t<div class=\"elementor-column elementor-col-50 elementor-top-column elementor-element elementor-element-bc7ae8d elementor-invisible\" data-id=\"bc7ae8d\" data-element_type=\"column\" data-settings=\"{&quot;background_background&quot;:&quot;classic&quot;,&quot;animation&quot;:&quot;slideInUp&quot;}\">\n\t\t\t<div class=\"elementor-widget-wrap elementor-element-populated\">\n\t\t\t\t\t\t<div class=\"elementor-element elementor-element-4075665 elementor-widget elementor-widget-image\" data-id=\"4075665\" data-element_type=\"widget\" data-widget_type=\"image.default\">\n\t\t\t\t<div class=\"elementor-widget-container\">\n\t\t\t\t\t\t\t\t\t\t\t\t\t<img decoding=\"async\" width=\"768\" height=\"456\" src=\"https:\/\/gerz-construction.com\/wp-content\/uploads\/2024\/06\/auchan-768x456.jpg\" class=\"attachment-medium size-medium wp-image-26887\" alt=\"\" srcset=\"https:\/\/gerz-construction.com\/wp-content\/uploads\/2024\/06\/auchan-768x456.jpg 768w, https:\/\/gerz-construction.com\/wp-content\/uploads\/2024\/06\/auchan-1170x694.jpg 1170w\" sizes=\"(max-width: 768px) 100vw, 768px\" \/>\t\t\t\t\t\t\t\t\t\t\t\t\t<\/div>\n\t\t\t\t<\/div>\n\t\t\t\t\t<\/div>\n\t\t<\/div>\n\t\t\t\t\t<\/div>\n\t\t<\/section>\n\t\t\t\t<section class=\"elementor-section elementor-top-section elementor-element elementor-element-e090edb elementor-section-stretched elementor-section-content-middle elementor-section-full_width elementor-hidden-desktop elementor-hidden-tablet elementor-hidden-mobile elementor-section-height-default elementor-section-height-default elementor-invisible\" data-id=\"e090edb\" data-element_type=\"section\" data-settings=\"{&quot;stretch_section&quot;:&quot;section-stretched&quot;,&quot;background_background&quot;:&quot;classic&quot;,&quot;animation&quot;:&quot;zoomInUp&quot;,&quot;_ha_eqh_enable&quot;:false}\">\n\t\t\t\t\t\t\t<div class=\"elementor-background-overlay\"><\/div>\n\t\t\t\t\t\t\t<div class=\"elementor-container elementor-column-gap-wide\">\n\t\t\t\t\t<div class=\"elementor-column elementor-col-100 elementor-top-column elementor-element elementor-element-41cb618 elementor-invisible\" data-id=\"41cb618\" data-element_type=\"column\" data-settings=\"{&quot;background_background&quot;:&quot;classic&quot;,&quot;animation&quot;:&quot;slideInUp&quot;}\">\n\t\t\t<div class=\"elementor-widget-wrap elementor-element-populated\">\n\t\t\t\t\t\t<div class=\"elementor-element elementor-element-d555342 elementor-widget elementor-widget-text-editor\" data-id=\"d555342\" data-element_type=\"widget\" data-widget_type=\"text-editor.default\">\n\t\t\t\t<div class=\"elementor-widget-container\">\n\t\t\t\t\t\t\t<p><strong>Gerz Construction Ukraine<\/strong> \u2013 \u0446\u0435 \u0443\u043a\u0440\u0430\u0457\u043d\u0441\u044c\u043a\u0430 \u0447\u0430\u0441\u0442\u0438\u043d\u0430 \u0431\u0456\u0437\u043d\u0435\u0441\u0443 <a href=\"#\">GERZ HOLDING<\/a>, \u0432\u0435\u0440\u0442\u0438\u043a\u0430\u043b\u044c\u043d\u043e-\u0456\u043d\u0442\u0435\u0433\u0440\u043e\u0432\u0430\u043d\u043e\u0457 \u0433\u0440\u0443\u043f\u0438 \u043a\u043e\u043c\u043f\u0430\u043d\u0456\u0439 \u0437 \u0430\u043a\u0442\u0438\u0432\u0430\u043c\u0438 \u0443 \u0431\u0443\u0434\u0456\u0432\u043d\u0438\u0446\u0442\u0432\u0456, \u0434\u0435\u0432\u0435\u043b\u043e\u043f\u043c\u0435\u043d\u0442\u0456 \u0442\u0430 \u0444\u0456\u043d\u0430\u043d\u0441\u0430\u0445 \u0432 \u0423\u043a\u0440\u0430\u0457\u043d\u0456 \u0442\u0430 <a href=\"#\">\u041f\u043e\u043b\u044c\u0449\u0456<\/a>. \u041f\u0440\u043e\u0442\u044f\u0433\u043e\u043c \u0442\u0440\u0438\u0434\u0446\u044f\u0442\u0438 \u0440\u043e\u043a\u0456\u0432 \u043c\u0438 \u0441\u0442\u0432\u043e\u0440\u044e\u0454\u043c\u043e \u0456\u0441\u0442\u043e\u0440\u0456\u044e, \u0449\u043e \u0432\u0442\u0456\u043b\u0435\u043d\u0430 \u0443 \u0431\u0443\u0434\u0456\u0432\u043d\u0438\u0446\u0442\u0432\u0456 \u043f\u0440\u043e\u043c\u0438\u0441\u043b\u043e\u0432\u043e\u0457, \u043a\u043e\u043c\u0435\u0440\u0446\u0456\u0439\u043d\u043e\u0457 \u0442\u0430 \u0436\u0438\u0442\u043b\u043e\u0432\u043e\u0457 \u043d\u0435\u0440\u0443\u0445\u043e\u043c\u043e\u0441\u0442\u0456.<\/p><p>\u041f\u043e\u0454\u0434\u043d\u0430\u043d\u043d\u044f \u0432\u043b\u0430\u0441\u043d\u043e\u0433\u043e \u0434\u043e\u0441\u0432\u0456\u0434\u0443, \u043f\u0435\u0440\u0435\u0434\u043e\u0432\u0438\u0445 \u0442\u0435\u0445\u043d\u043e\u043b\u043e\u0433\u0456\u0439 \u0442\u0430 \u0441\u0443\u0447\u0430\u0441\u043d\u0438\u0445 \u0441\u0442\u0430\u043d\u0434\u0430\u0440\u0442\u0456\u0432, \u0434\u043e\u0437\u0432\u043e\u043b\u044f\u044e\u0442\u044c \u043d\u0430\u043c \u043d\u0430\u0434\u0430\u0432\u0430\u0442\u0438 \u043f\u043e\u0432\u043d\u0438\u0439 \u043a\u043e\u043c\u043f\u043b\u0435\u043a\u0441 \u0432\u0438\u0441\u043e\u043a\u043e\u044f\u043a\u0456\u0441\u043d\u0438\u0445 \u043f\u043e\u0441\u043b\u0443\u0433 \u0443 \u0441\u0444\u0435\u0440\u0456 \u043f\u0440\u043e\u0435\u043a\u0442\u0443\u0432\u0430\u043d\u043d\u044f \u0442\u0430 \u0431\u0443\u0434\u0456\u0432\u043d\u0438\u0446\u0442\u0432\u0430 \u0434\u043b\u044f \u043a\u043b\u0456\u0454\u043d\u0442\u0456\u0432, \u043a\u043e\u0436\u0435\u043d \u0437 \u044f\u043a\u0438\u0445 \u0454 \u043d\u0430\u0448\u0438\u043c \u043f\u0430\u0440\u0442\u043d\u0435\u0440\u043e\u043c.<\/p>\t\t\t\t\t\t<\/div>\n\t\t\t\t<\/div>\n\t\t\t\t\t<\/div>\n\t\t<\/div>\n\t\t\t\t\t<\/div>\n\t\t<\/section>\n\t\t\t\t<section class=\"elementor-section elementor-top-section elementor-element elementor-element-ce6f49c elementor-section-stretched elementor-section-content-middle cus-float-img elementor-section-boxed elementor-section-height-default elementor-section-height-default\" data-id=\"ce6f49c\" data-element_type=\"section\" data-settings=\"{&quot;stretch_section&quot;:&quot;section-stretched&quot;,&quot;background_background&quot;:&quot;classic&quot;,&quot;_ha_eqh_enable&quot;:false}\">\n\t\t\t\t\t\t\t<div class=\"elementor-background-overlay\"><\/div>\n\t\t\t\t\t\t\t<div class=\"elementor-container elementor-column-gap-wide\">\n\t\t\t\t\t<div class=\"elementor-column elementor-col-33 elementor-top-column elementor-element elementor-element-15ed8cd\" data-id=\"15ed8cd\" data-element_type=\"column\">\n\t\t\t<div class=\"elementor-widget-wrap elementor-element-populated\">\n\t\t\t\t\t\t<section class=\"elementor-section elementor-inner-section elementor-element elementor-element-67acca8 elementor-section-content-middle elementor-section-boxed elementor-section-height-default elementor-section-height-default\" data-id=\"67acca8\" data-element_type=\"section\" data-settings=\"{&quot;_ha_eqh_enable&quot;:false}\">\n\t\t\t\t\t\t<div class=\"elementor-container elementor-column-gap-default\">\n\t\t\t\t\t<div class=\"elementor-column elementor-col-100 elementor-inner-column elementor-element elementor-element-778cffd\" data-id=\"778cffd\" data-element_type=\"column\">\n\t\t\t<div class=\"elementor-widget-wrap elementor-element-populated\">\n\t\t\t\t\t\t<div class=\"elementor-element elementor-element-da1eef2 cea-view-default elementor-invisible elementor-widget elementor-widget-ceafeaturebox\" data-id=\"da1eef2\" data-element_type=\"widget\" data-settings=\"{&quot;_animation&quot;:&quot;fadeInUp&quot;}\" data-widget_type=\"ceafeaturebox.default\">\n\t\t\t\t<div class=\"elementor-widget-container feature-box-wrapper feature-box-default\">\r\n\t\t\t<div class=\"media\"><div class=\"media-icon-part align-self-center\"><div class=\"cea-featured-icon\"><i aria-hidden=\"true\" class=\"ti ti-location-pin\"><\/i><\/div><\/div><div class=\"media-body align-self-center\"><div class=\"fbox-content\">vul. Mashynobudivnykiv, bud 5, m. Vyshneve, Kyivska Oblast, 08132, Ukraine<\/div><\/div><!-- .media-body --><\/div><!-- .media -->\t\t<\/div>\r\n\t\t\t\t<\/div>\n\t\t\t\t\t<\/div>\n\t\t<\/div>\n\t\t\t\t\t<\/div>\n\t\t<\/section>\n\t\t\t\t\t<\/div>\n\t\t<\/div>\n\t\t\t\t<div class=\"elementor-column elementor-col-33 elementor-top-column elementor-element elementor-element-0b592ef elementor-invisible\" data-id=\"0b592ef\" data-element_type=\"column\" data-settings=\"{&quot;animation&quot;:&quot;fadeInUp&quot;}\">\n\t\t\t<div class=\"elementor-widget-wrap elementor-element-populated\">\n\t\t\t\t\t\t<div class=\"elementor-element elementor-element-792bf02 cea-view-default elementor-invisible elementor-widget elementor-widget-ceafeaturebox\" data-id=\"792bf02\" data-element_type=\"widget\" data-settings=\"{&quot;_animation&quot;:&quot;fadeInUp&quot;}\" data-widget_type=\"ceafeaturebox.default\">\n\t\t\t\t<div class=\"elementor-widget-container feature-box-wrapper feature-box-default\">\r\n\t\t\t<div class=\"media\"><div class=\"media-icon-part align-self-center\"><div class=\"cea-featured-icon cea-elementor-animation\"><i aria-hidden=\"true\" class=\"ti ti-headphone-alt\"><\/i><\/div><\/div><div class=\"media-body align-self-center\"><div class=\"fbox-content\"><a href=\"tel: 380445380360\">+38(044) 538-03-60<\/a>\n\n<\/div><\/div><!-- .media-body --><\/div><!-- .media -->\t\t<\/div>\r\n\t\t\t\t<\/div>\n\t\t\t\t\t<\/div>\n\t\t<\/div>\n\t\t\t\t<div class=\"elementor-column elementor-col-33 elementor-top-column elementor-element elementor-element-fb4aa07 elementor-invisible\" data-id=\"fb4aa07\" data-element_type=\"column\" data-settings=\"{&quot;animation&quot;:&quot;fadeInUp&quot;}\">\n\t\t\t<div class=\"elementor-widget-wrap elementor-element-populated\">\n\t\t\t\t\t\t<div class=\"elementor-element elementor-element-6edce23 cea-view-default elementor-invisible elementor-widget elementor-widget-ceafeaturebox\" data-id=\"6edce23\" data-element_type=\"widget\" data-settings=\"{&quot;_animation&quot;:&quot;fadeInUp&quot;}\" data-widget_type=\"ceafeaturebox.default\">\n\t\t\t\t<div class=\"elementor-widget-container feature-box-wrapper feature-box-default\">\r\n\t\t\t<div class=\"media\"><div class=\"media-icon-part align-self-center\"><div class=\"cea-featured-icon\"><i aria-hidden=\"true\" class=\"ti ti-email\"><\/i><\/div><\/div><div class=\"media-body align-self-center\"><div class=\"fbox-content\"><a href=\"mailto:office@gerz-construction.com\">office@gerz-construction.com <\/a>\n<\/div><\/div><!-- .media-body --><\/div><!-- .media -->\t\t<\/div>\r\n\t\t\t\t<\/div>\n\t\t\t\t\t<\/div>\n\t\t<\/div>\n\t\t\t\t\t<\/div>\n\t\t<\/section>\n\t\t\t\t<\/div>","protected":false},"excerpt":{"rendered":"<p>\u0411\u0443\u0434\u0456\u0432\u043d\u0438\u0446\u0442\u0432\u043e \u0431\u0435\u0437 \u043a\u043e\u043c\u043f\u0440\u043e\u043c\u0456\u0441\u0456\u0432 \u0413\u0435\u043d\u0435\u0440\u0430\u043b\u044c\u043d\u0438\u0439 \u043f\u0456\u0434\u0440\u044f\u0434 \u0432\u0456\u0434 GERZ \u2013 \u0446\u0435 \u043f\u043e\u0432\u043d\u0438\u0439 \u043a\u043e\u043d\u0442\u0440\u043e\u043b\u044c \u0442\u0430 \u0443\u043f\u0440\u0430\u0432\u043b\u0456\u043d\u043d\u044f \u0431\u0443\u0434\u0456\u0432\u0435\u043b\u044c\u043d\u0438\u043c \u043f\u0440\u043e\u0446\u0435\u0441\u043e\u043c. \u041c\u0438 \u0431\u0435\u0440\u0435\u043c\u043e \u043d\u0430 \u0441\u0435\u0431\u0435 \u043a\u043e\u043e\u0440\u0434\u0438\u043d\u0430\u0446\u0456\u044e \u0432\u0441\u0456\u0445 \u0440\u043e\u0431\u0456\u0442, \u0437\u0430\u0431\u0435\u0437\u043f\u0435\u0447\u0443\u044e\u0447\u0438, \u0449\u043e\u0431 \u043f\u0440\u043e\u0454\u043a\u0442 \u0431\u0443\u0432 \u0440\u0435\u0430\u043b\u0456\u0437\u043e\u0432\u0430\u043d\u0438\u0439 \u0432\u0447\u0430\u0441\u043d\u043e, \u0443 \u0440\u0430\u043c\u043a\u0430\u0445 \u0431\u044e\u0434\u0436\u0435\u0442\u0443 \u0442\u0430 \u0437 \u0434\u043e\u0442\u0440\u0438\u043c\u0430\u043d\u043d\u044f\u043c \u0443\u0441\u0456\u0445 \u0441\u0442\u0430\u043d\u0434\u0430\u0440\u0442\u0456\u0432 \u044f\u043a\u043e\u0441\u0442\u0456, \u0431\u0435\u0437\u043f\u0435\u043a\u0438 \u0442\u0430 \u0441\u0442\u0430\u043b\u043e\u0441\u0442\u0456. \u041d\u0430\u0434\u0456\u0439\u043d\u0456\u0441\u0442\u044c \u0443 \u043a\u043e\u0436\u043d\u0456\u0439 \u0434\u0435\u0442\u0430\u043b\u0456 \u041d\u0430\u0448 \u043f\u0456\u0434\u0445\u0456\u0434 \u043f\u0435\u0440\u0435\u0434\u0431\u0430\u0447\u0430\u0454 \u0447\u0456\u0442\u043a\u0443 \u043e\u0440\u0433\u0430\u043d\u0456\u0437\u0430\u0446\u0456\u044e \u0440\u043e\u0431\u0456\u0442 \u043d\u0430 \u0431\u0443\u0434\u0456\u0432\u0435\u043b\u044c\u043d\u043e\u043c\u0443 \u043c\u0430\u0439\u0434\u0430\u043d\u0447\u0438\u043a\u0443, \u0443\u043f\u0440\u0430\u0432\u043b\u0456\u043d\u043d\u044f \u0441\u0443\u0431\u043f\u0456\u0434\u0440\u044f\u0434\u043d\u0438\u043a\u0430\u043c\u0438<\/p>","protected":false},"author":1,"featured_media":0,"parent":0,"menu_order":0,"comment_status":"closed","ping_status":"closed","template":"","meta":{"footnotes":""},"_links":{"self":[{"href":"https:\/\/gerz-construction.com\/fr\/wp-json\/wp\/v2\/pages\/27216"}],"collection":[{"href":"https:\/\/gerz-construction.com\/fr\/wp-json\/wp\/v2\/pages"}],"about":[{"href":"https:\/\/gerz-construction.com\/fr\/wp-json\/wp\/v2\/types\/page"}],"author":[{"embeddable":true,"href":"https:\/\/gerz-construction.com\/fr\/wp-json\/wp\/v2\/users\/1"}],"replies":[{"embeddable":true,"href":"https:\/\/gerz-construction.com\/fr\/wp-json\/wp\/v2\/comments?post=27216"}],"version-history":[{"count":43,"href":"https:\/\/gerz-construction.com\/fr\/wp-json\/wp\/v2\/pages\/27216\/revisions"}],"predecessor-version":[{"id":29301,"href":"https:\/\/gerz-construction.com\/fr\/wp-json\/wp\/v2\/pages\/27216\/revisions\/29301"}],"wp:attachment":[{"href":"https:\/\/gerz-construction.com\/fr\/wp-json\/wp\/v2\/media?parent=27216"}],"curies":[{"name":"wp","href":"https:\/\/api.w.org\/{rel}","templated":true}]}}